{"id":31909,"date":"2025-09-24T12:31:41","date_gmt":"2025-09-24T10:31:41","guid":{"rendered":"https:\/\/adeleacademy.ch\/product\/ms30-2025-2026\/"},"modified":"2025-09-24T12:31:41","modified_gmt":"2025-09-24T10:31:41","slug":"ms30-2025-2026","status":"publish","type":"product","link":"https:\/\/adeleacademy.ch\/en\/product\/ms30-2025-2026\/","title":{"rendered":"MS30 &#8211; Stage Pratique 2025-2026"},"content":{"rendered":"<p>Mod\u00e8le de cours standard \u00e0 r\u00e9utiliser.<\/p>","protected":false},"excerpt":{"rendered":"<p>Mod\u00e8le de cours standard \u00e0 r\u00e9utiliser.<\/p>","protected":false},"featured_media":0,"template":"","meta":{"_et_pb_use_builder":"","_et_pb_old_content":"","_et_gb_content_width":""},"product_brand":[],"product_cat":[74],"product_tag":[],"class_list":{"0":"post-31909","1":"product","2":"type-product","3":"status-publish","5":"product_cat-stage-9","7":"first","8":"instock","9":"virtual","10":"product-type-simple"},"yoast_head":"<!-- This site is optimized with the Yoast SEO plugin v27.3 - https:\/\/yoast.com\/product\/yoast-seo-wordpress\/ -->\n<title>MS30 - Stage Pratique 2025-2026 - Adelea Academy<\/title>\n<meta name=\"robots\" content=\"index, follow, max-snippet:-1, max-image-preview:large, max-video-preview:-1\" \/>\n<link rel=\"canonical\" href=\"https:\/\/adeleacademy.ch\/en\/product\/ms30-2025-2026\/\" \/>\n<meta property=\"og:locale\" content=\"en_GB\" \/>\n<meta property=\"og:type\" content=\"article\" \/>\n<meta property=\"og:title\" content=\"MS30 - Stage Pratique 2025-2026 - Adelea Academy\" \/>\n<meta property=\"og:description\" content=\"Mod\u00e8le de cours standard \u00e0 r\u00e9utiliser.\" \/>\n<meta property=\"og:url\" content=\"https:\/\/adeleacademy.ch\/en\/product\/ms30-2025-2026\/\" \/>\n<meta property=\"og:site_name\" content=\"Adelea Academy\" \/>\n<meta property=\"article:publisher\" content=\"https:\/\/www.facebook.com\/adeleaacademy\" \/>\n<meta name=\"twitter:card\" content=\"summary_large_image\" \/>\n<script type=\"application\/ld+json\" class=\"yoast-schema-graph\">{\"@context\":\"https:\\\/\\\/schema.org\",\"@graph\":[{\"@type\":\"WebPage\",\"@id\":\"https:\\\/\\\/adeleacademy.ch\\\/product\\\/ms30-2025-2026\\\/\",\"url\":\"https:\\\/\\\/adeleacademy.ch\\\/product\\\/ms30-2025-2026\\\/\",\"name\":\"MS30 - Stage Pratique 2025-2026 - Adelea Academy\",\"isPartOf\":{\"@id\":\"https:\\\/\\\/adeleacademy.ch\\\/#website\"},\"datePublished\":\"2025-09-24T10:31:41+00:00\",\"breadcrumb\":{\"@id\":\"https:\\\/\\\/adeleacademy.ch\\\/product\\\/ms30-2025-2026\\\/#breadcrumb\"},\"inLanguage\":\"en-GB\",\"potentialAction\":[{\"@type\":\"ReadAction\",\"target\":[\"https:\\\/\\\/adeleacademy.ch\\\/product\\\/ms30-2025-2026\\\/\"]}]},{\"@type\":\"BreadcrumbList\",\"@id\":\"https:\\\/\\\/adeleacademy.ch\\\/product\\\/ms30-2025-2026\\\/#breadcrumb\",\"itemListElement\":[{\"@type\":\"ListItem\",\"position\":1,\"name\":\"Accueil\",\"item\":\"https:\\\/\\\/adeleacademy.ch\\\/\"},{\"@type\":\"ListItem\",\"position\":2,\"name\":\"COURS A LA CARTE\",\"item\":\"https:\\\/\\\/adeleacademy.ch\\\/alacarte\\\/\"},{\"@type\":\"ListItem\",\"position\":3,\"name\":\"MS30 &#8211; Stage Pratique 2025-2026\"}]},{\"@type\":\"WebSite\",\"@id\":\"https:\\\/\\\/adeleacademy.ch\\\/#website\",\"url\":\"https:\\\/\\\/adeleacademy.ch\\\/\",\"name\":\"Adelea Academy\",\"description\":\"UNE \u00c9COLE INNOVANTE ET INSPIRANTE\",\"publisher\":{\"@id\":\"https:\\\/\\\/adeleacademy.ch\\\/#organization\"},\"potentialAction\":[{\"@type\":\"SearchAction\",\"target\":{\"@type\":\"EntryPoint\",\"urlTemplate\":\"https:\\\/\\\/adeleacademy.ch\\\/?s={search_term_string}\"},\"query-input\":{\"@type\":\"PropertyValueSpecification\",\"valueRequired\":true,\"valueName\":\"search_term_string\"}}],\"inLanguage\":\"en-GB\"},{\"@type\":\"Organization\",\"@id\":\"https:\\\/\\\/adeleacademy.ch\\\/#organization\",\"name\":\"Ad\u00e9l\u00e9A Acad\u00e9my\",\"url\":\"https:\\\/\\\/adeleacademy.ch\\\/\",\"logo\":{\"@type\":\"ImageObject\",\"inLanguage\":\"en-GB\",\"@id\":\"https:\\\/\\\/adeleacademy.ch\\\/#\\\/schema\\\/logo\\\/image\\\/\",\"url\":\"https:\\\/\\\/adeleacademy.ch\\\/wp-content\\\/uploads\\\/2022\\\/05\\\/LOGO-PORTRAIT-2-BLEUROUGE.png\",\"contentUrl\":\"https:\\\/\\\/adeleacademy.ch\\\/wp-content\\\/uploads\\\/2022\\\/05\\\/LOGO-PORTRAIT-2-BLEUROUGE.png\",\"width\":2949,\"height\":3136,\"caption\":\"Ad\u00e9l\u00e9A Acad\u00e9my\"},\"image\":{\"@id\":\"https:\\\/\\\/adeleacademy.ch\\\/#\\\/schema\\\/logo\\\/image\\\/\"},\"sameAs\":[\"https:\\\/\\\/www.facebook.com\\\/adeleaacademy\",\"https:\\\/\\\/www.instagram.com\\\/adelea_academy\\\/\"]}]}<\/script>\n<!-- \/ Yoast SEO plugin. -->","yoast_head_json":{"title":"MS30 - Stage Pratique 2025-2026 - Adelea Academy","robots":{"index":"index","follow":"follow","max-snippet":"max-snippet:-1","max-image-preview":"max-image-preview:large","max-video-preview":"max-video-preview:-1"},"canonical":"https:\/\/adeleacademy.ch\/en\/product\/ms30-2025-2026\/","og_locale":"en_GB","og_type":"article","og_title":"MS30 - Stage Pratique 2025-2026 - Adelea Academy","og_description":"Mod\u00e8le de cours standard \u00e0 r\u00e9utiliser.","og_url":"https:\/\/adeleacademy.ch\/en\/product\/ms30-2025-2026\/","og_site_name":"Adelea Academy","article_publisher":"https:\/\/www.facebook.com\/adeleaacademy","twitter_card":"summary_large_image","schema":{"@context":"https:\/\/schema.org","@graph":[{"@type":"WebPage","@id":"https:\/\/adeleacademy.ch\/product\/ms30-2025-2026\/","url":"https:\/\/adeleacademy.ch\/product\/ms30-2025-2026\/","name":"MS30 - Stage Pratique 2025-2026 - Adelea Academy","isPartOf":{"@id":"https:\/\/adeleacademy.ch\/#website"},"datePublished":"2025-09-24T10:31:41+00:00","breadcrumb":{"@id":"https:\/\/adeleacademy.ch\/product\/ms30-2025-2026\/#breadcrumb"},"inLanguage":"en-GB","potentialAction":[{"@type":"ReadAction","target":["https:\/\/adeleacademy.ch\/product\/ms30-2025-2026\/"]}]},{"@type":"BreadcrumbList","@id":"https:\/\/adeleacademy.ch\/product\/ms30-2025-2026\/#breadcrumb","itemListElement":[{"@type":"ListItem","position":1,"name":"Accueil","item":"https:\/\/adeleacademy.ch\/"},{"@type":"ListItem","position":2,"name":"COURS A LA CARTE","item":"https:\/\/adeleacademy.ch\/alacarte\/"},{"@type":"ListItem","position":3,"name":"MS30 &#8211; Stage Pratique 2025-2026"}]},{"@type":"WebSite","@id":"https:\/\/adeleacademy.ch\/#website","url":"https:\/\/adeleacademy.ch\/","name":"Adelea Academy","description":"UNE \u00c9COLE INNOVANTE ET INSPIRANTE","publisher":{"@id":"https:\/\/adeleacademy.ch\/#organization"},"potentialAction":[{"@type":"SearchAction","target":{"@type":"EntryPoint","urlTemplate":"https:\/\/adeleacademy.ch\/?s={search_term_string}"},"query-input":{"@type":"PropertyValueSpecification","valueRequired":true,"valueName":"search_term_string"}}],"inLanguage":"en-GB"},{"@type":"Organization","@id":"https:\/\/adeleacademy.ch\/#organization","name":"Ad\u00e9l\u00e9A Acad\u00e9my","url":"https:\/\/adeleacademy.ch\/","logo":{"@type":"ImageObject","inLanguage":"en-GB","@id":"https:\/\/adeleacademy.ch\/#\/schema\/logo\/image\/","url":"https:\/\/adeleacademy.ch\/wp-content\/uploads\/2022\/05\/LOGO-PORTRAIT-2-BLEUROUGE.png","contentUrl":"https:\/\/adeleacademy.ch\/wp-content\/uploads\/2022\/05\/LOGO-PORTRAIT-2-BLEUROUGE.png","width":2949,"height":3136,"caption":"Ad\u00e9l\u00e9A Acad\u00e9my"},"image":{"@id":"https:\/\/adeleacademy.ch\/#\/schema\/logo\/image\/"},"sameAs":["https:\/\/www.facebook.com\/adeleaacademy","https:\/\/www.instagram.com\/adelea_academy\/"]}]}},"_links":{"self":[{"href":"https:\/\/adeleacademy.ch\/en\/wp-json\/wp\/v2\/product\/31909","targetHints":{"allow":["GET"]}}],"collection":[{"href":"https:\/\/adeleacademy.ch\/en\/wp-json\/wp\/v2\/product"}],"about":[{"href":"https:\/\/adeleacademy.ch\/en\/wp-json\/wp\/v2\/types\/product"}],"wp:attachment":[{"href":"https:\/\/adeleacademy.ch\/en\/wp-json\/wp\/v2\/media?parent=31909"}],"wp:term":[{"taxonomy":"product_brand","embeddable":true,"href":"https:\/\/adeleacademy.ch\/en\/wp-json\/wp\/v2\/product_brand?post=31909"},{"taxonomy":"product_cat","embeddable":true,"href":"https:\/\/adeleacademy.ch\/en\/wp-json\/wp\/v2\/product_cat?post=31909"},{"taxonomy":"product_tag","embeddable":true,"href":"https:\/\/adeleacademy.ch\/en\/wp-json\/wp\/v2\/product_tag?post=31909"}],"curies":[{"name":"wp","href":"https:\/\/api.w.org\/{rel}","templated":true}]}}