{"id":31335,"date":"2024-08-28T15:55:58","date_gmt":"2024-08-28T13:55:58","guid":{"rendered":"https:\/\/adeleacademy.ch\/?post_type=product&#038;p=31335"},"modified":"2024-09-13T16:54:22","modified_gmt":"2024-09-13T14:54:22","slug":"ml17-gestion-du-temps","status":"publish","type":"product","link":"https:\/\/adeleacademy.ch\/en\/product\/ml17-gestion-du-temps\/","title":{"rendered":"ML17 Gestion du temps"},"content":{"rendered":"<p>Ce cours de leadership de 1 cr\u00e9dit ECTS est donn\u00e9 par Etienne Rochat. Les cours auront lieu les mercredis matins du 9 avril au 14 mai 2025.<\/p>","protected":false},"excerpt":{"rendered":"<p>Ce cours de leadership de 1 cr\u00e9dit ECTS est donn\u00e9 par Etienne Rochat. Les cours auront lieu les mercredis matins du 9 avril au 14 mai 2025.<\/p>","protected":false},"featured_media":31362,"template":"","meta":{"_et_pb_use_builder":"","_et_pb_old_content":"","_et_gb_content_width":""},"product_brand":[],"product_cat":[73],"product_tag":[],"class_list":{"0":"post-31335","1":"product","2":"type-product","3":"status-publish","4":"has-post-thumbnail","6":"product_cat-non-classe","8":"first","9":"instock","10":"shipping-taxable","11":"purchasable","12":"product-type-simple"},"yoast_head":"<!-- This site is optimized with the Yoast SEO plugin v27.3 - https:\/\/yoast.com\/product\/yoast-seo-wordpress\/ -->\n<title>ML17 Gestion du temps - Adelea Academy<\/title>\n<meta name=\"robots\" content=\"index, follow, max-snippet:-1, max-image-preview:large, max-video-preview:-1\" \/>\n<link rel=\"canonical\" href=\"https:\/\/adeleacademy.ch\/en\/product\/ml17-gestion-du-temps\/\" \/>\n<meta property=\"og:locale\" content=\"en_GB\" \/>\n<meta property=\"og:type\" content=\"article\" \/>\n<meta property=\"og:title\" content=\"ML17 Gestion du temps - Adelea Academy\" \/>\n<meta property=\"og:description\" content=\"Ce cours de leadership de 1 cr\u00e9dit ECTS est donn\u00e9 par Etienne Rochat. Les cours auront lieu les mercredis matins du 9 avril au 14 mai 2025.\" \/>\n<meta property=\"og:url\" content=\"https:\/\/adeleacademy.ch\/en\/product\/ml17-gestion-du-temps\/\" \/>\n<meta property=\"og:site_name\" content=\"Adelea Academy\" \/>\n<meta property=\"article:publisher\" content=\"https:\/\/www.facebook.com\/adeleaacademy\" \/>\n<meta property=\"article:modified_time\" content=\"2024-09-13T14:54:22+00:00\" \/>\n<meta property=\"og:image\" content=\"https:\/\/adeleacademy.ch\/wp-content\/uploads\/2024\/08\/xe8pe5uz_wi.jpg\" \/>\n\t<meta property=\"og:image:width\" content=\"1600\" \/>\n\t<meta property=\"og:image:height\" content=\"1068\" \/>\n\t<meta property=\"og:image:type\" content=\"image\/jpeg\" \/>\n<meta name=\"twitter:card\" content=\"summary_large_image\" \/>\n<meta name=\"twitter:label1\" content=\"Estimated reading time\" \/>\n\t<meta name=\"twitter:data1\" content=\"1 minute\" \/>\n<script type=\"application\/ld+json\" class=\"yoast-schema-graph\">{\"@context\":\"https:\\\/\\\/schema.org\",\"@graph\":[{\"@type\":\"WebPage\",\"@id\":\"https:\\\/\\\/adeleacademy.ch\\\/product\\\/ml17-gestion-du-temps\\\/\",\"url\":\"https:\\\/\\\/adeleacademy.ch\\\/product\\\/ml17-gestion-du-temps\\\/\",\"name\":\"ML17 Gestion du temps - Adelea Academy\",\"isPartOf\":{\"@id\":\"https:\\\/\\\/adeleacademy.ch\\\/#website\"},\"primaryImageOfPage\":{\"@id\":\"https:\\\/\\\/adeleacademy.ch\\\/product\\\/ml17-gestion-du-temps\\\/#primaryimage\"},\"image\":{\"@id\":\"https:\\\/\\\/adeleacademy.ch\\\/product\\\/ml17-gestion-du-temps\\\/#primaryimage\"},\"thumbnailUrl\":\"https:\\\/\\\/adeleacademy.ch\\\/wp-content\\\/uploads\\\/2024\\\/08\\\/xe8pe5uz_wi.jpg\",\"datePublished\":\"2024-08-28T13:55:58+00:00\",\"dateModified\":\"2024-09-13T14:54:22+00:00\",\"breadcrumb\":{\"@id\":\"https:\\\/\\\/adeleacademy.ch\\\/product\\\/ml17-gestion-du-temps\\\/#breadcrumb\"},\"inLanguage\":\"en-GB\",\"potentialAction\":[{\"@type\":\"ReadAction\",\"target\":[\"https:\\\/\\\/adeleacademy.ch\\\/product\\\/ml17-gestion-du-temps\\\/\"]}]},{\"@type\":\"ImageObject\",\"inLanguage\":\"en-GB\",\"@id\":\"https:\\\/\\\/adeleacademy.ch\\\/product\\\/ml17-gestion-du-temps\\\/#primaryimage\",\"url\":\"https:\\\/\\\/adeleacademy.ch\\\/wp-content\\\/uploads\\\/2024\\\/08\\\/xe8pe5uz_wi.jpg\",\"contentUrl\":\"https:\\\/\\\/adeleacademy.ch\\\/wp-content\\\/uploads\\\/2024\\\/08\\\/xe8pe5uz_wi.jpg\",\"width\":1600,\"height\":1068,\"caption\":\"brown wooden table clock at 10 10\"},{\"@type\":\"BreadcrumbList\",\"@id\":\"https:\\\/\\\/adeleacademy.ch\\\/product\\\/ml17-gestion-du-temps\\\/#breadcrumb\",\"itemListElement\":[{\"@type\":\"ListItem\",\"position\":1,\"name\":\"Accueil\",\"item\":\"https:\\\/\\\/adeleacademy.ch\\\/\"},{\"@type\":\"ListItem\",\"position\":2,\"name\":\"COURS A LA CARTE\",\"item\":\"https:\\\/\\\/adeleacademy.ch\\\/alacarte\\\/\"},{\"@type\":\"ListItem\",\"position\":3,\"name\":\"ML17 Gestion du temps\"}]},{\"@type\":\"WebSite\",\"@id\":\"https:\\\/\\\/adeleacademy.ch\\\/#website\",\"url\":\"https:\\\/\\\/adeleacademy.ch\\\/\",\"name\":\"Adelea Academy\",\"description\":\"UNE \u00c9COLE INNOVANTE ET INSPIRANTE\",\"publisher\":{\"@id\":\"https:\\\/\\\/adeleacademy.ch\\\/#organization\"},\"potentialAction\":[{\"@type\":\"SearchAction\",\"target\":{\"@type\":\"EntryPoint\",\"urlTemplate\":\"https:\\\/\\\/adeleacademy.ch\\\/?s={search_term_string}\"},\"query-input\":{\"@type\":\"PropertyValueSpecification\",\"valueRequired\":true,\"valueName\":\"search_term_string\"}}],\"inLanguage\":\"en-GB\"},{\"@type\":\"Organization\",\"@id\":\"https:\\\/\\\/adeleacademy.ch\\\/#organization\",\"name\":\"Ad\u00e9l\u00e9A Acad\u00e9my\",\"url\":\"https:\\\/\\\/adeleacademy.ch\\\/\",\"logo\":{\"@type\":\"ImageObject\",\"inLanguage\":\"en-GB\",\"@id\":\"https:\\\/\\\/adeleacademy.ch\\\/#\\\/schema\\\/logo\\\/image\\\/\",\"url\":\"https:\\\/\\\/adeleacademy.ch\\\/wp-content\\\/uploads\\\/2022\\\/05\\\/LOGO-PORTRAIT-2-BLEUROUGE.png\",\"contentUrl\":\"https:\\\/\\\/adeleacademy.ch\\\/wp-content\\\/uploads\\\/2022\\\/05\\\/LOGO-PORTRAIT-2-BLEUROUGE.png\",\"width\":2949,\"height\":3136,\"caption\":\"Ad\u00e9l\u00e9A Acad\u00e9my\"},\"image\":{\"@id\":\"https:\\\/\\\/adeleacademy.ch\\\/#\\\/schema\\\/logo\\\/image\\\/\"},\"sameAs\":[\"https:\\\/\\\/www.facebook.com\\\/adeleaacademy\",\"https:\\\/\\\/www.instagram.com\\\/adelea_academy\\\/\"]}]}<\/script>\n<!-- \/ Yoast SEO plugin. -->","yoast_head_json":{"title":"ML17 Gestion du temps - Adelea Academy","robots":{"index":"index","follow":"follow","max-snippet":"max-snippet:-1","max-image-preview":"max-image-preview:large","max-video-preview":"max-video-preview:-1"},"canonical":"https:\/\/adeleacademy.ch\/en\/product\/ml17-gestion-du-temps\/","og_locale":"en_GB","og_type":"article","og_title":"ML17 Gestion du temps - Adelea Academy","og_description":"Ce cours de leadership de 1 cr\u00e9dit ECTS est donn\u00e9 par Etienne Rochat. Les cours auront lieu les mercredis matins du 9 avril au 14 mai 2025.","og_url":"https:\/\/adeleacademy.ch\/en\/product\/ml17-gestion-du-temps\/","og_site_name":"Adelea Academy","article_publisher":"https:\/\/www.facebook.com\/adeleaacademy","article_modified_time":"2024-09-13T14:54:22+00:00","og_image":[{"width":1600,"height":1068,"url":"https:\/\/adeleacademy.ch\/wp-content\/uploads\/2024\/08\/xe8pe5uz_wi.jpg","type":"image\/jpeg"}],"twitter_card":"summary_large_image","twitter_misc":{"Estimated reading time":"1 minute"},"schema":{"@context":"https:\/\/schema.org","@graph":[{"@type":"WebPage","@id":"https:\/\/adeleacademy.ch\/product\/ml17-gestion-du-temps\/","url":"https:\/\/adeleacademy.ch\/product\/ml17-gestion-du-temps\/","name":"ML17 Gestion du temps - Adelea Academy","isPartOf":{"@id":"https:\/\/adeleacademy.ch\/#website"},"primaryImageOfPage":{"@id":"https:\/\/adeleacademy.ch\/product\/ml17-gestion-du-temps\/#primaryimage"},"image":{"@id":"https:\/\/adeleacademy.ch\/product\/ml17-gestion-du-temps\/#primaryimage"},"thumbnailUrl":"https:\/\/adeleacademy.ch\/wp-content\/uploads\/2024\/08\/xe8pe5uz_wi.jpg","datePublished":"2024-08-28T13:55:58+00:00","dateModified":"2024-09-13T14:54:22+00:00","breadcrumb":{"@id":"https:\/\/adeleacademy.ch\/product\/ml17-gestion-du-temps\/#breadcrumb"},"inLanguage":"en-GB","potentialAction":[{"@type":"ReadAction","target":["https:\/\/adeleacademy.ch\/product\/ml17-gestion-du-temps\/"]}]},{"@type":"ImageObject","inLanguage":"en-GB","@id":"https:\/\/adeleacademy.ch\/product\/ml17-gestion-du-temps\/#primaryimage","url":"https:\/\/adeleacademy.ch\/wp-content\/uploads\/2024\/08\/xe8pe5uz_wi.jpg","contentUrl":"https:\/\/adeleacademy.ch\/wp-content\/uploads\/2024\/08\/xe8pe5uz_wi.jpg","width":1600,"height":1068,"caption":"brown wooden table clock at 10 10"},{"@type":"BreadcrumbList","@id":"https:\/\/adeleacademy.ch\/product\/ml17-gestion-du-temps\/#breadcrumb","itemListElement":[{"@type":"ListItem","position":1,"name":"Accueil","item":"https:\/\/adeleacademy.ch\/"},{"@type":"ListItem","position":2,"name":"COURS A LA CARTE","item":"https:\/\/adeleacademy.ch\/alacarte\/"},{"@type":"ListItem","position":3,"name":"ML17 Gestion du temps"}]},{"@type":"WebSite","@id":"https:\/\/adeleacademy.ch\/#website","url":"https:\/\/adeleacademy.ch\/","name":"Adelea Academy","description":"UNE \u00c9COLE INNOVANTE ET INSPIRANTE","publisher":{"@id":"https:\/\/adeleacademy.ch\/#organization"},"potentialAction":[{"@type":"SearchAction","target":{"@type":"EntryPoint","urlTemplate":"https:\/\/adeleacademy.ch\/?s={search_term_string}"},"query-input":{"@type":"PropertyValueSpecification","valueRequired":true,"valueName":"search_term_string"}}],"inLanguage":"en-GB"},{"@type":"Organization","@id":"https:\/\/adeleacademy.ch\/#organization","name":"Ad\u00e9l\u00e9A Acad\u00e9my","url":"https:\/\/adeleacademy.ch\/","logo":{"@type":"ImageObject","inLanguage":"en-GB","@id":"https:\/\/adeleacademy.ch\/#\/schema\/logo\/image\/","url":"https:\/\/adeleacademy.ch\/wp-content\/uploads\/2022\/05\/LOGO-PORTRAIT-2-BLEUROUGE.png","contentUrl":"https:\/\/adeleacademy.ch\/wp-content\/uploads\/2022\/05\/LOGO-PORTRAIT-2-BLEUROUGE.png","width":2949,"height":3136,"caption":"Ad\u00e9l\u00e9A Acad\u00e9my"},"image":{"@id":"https:\/\/adeleacademy.ch\/#\/schema\/logo\/image\/"},"sameAs":["https:\/\/www.facebook.com\/adeleaacademy","https:\/\/www.instagram.com\/adelea_academy\/"]}]}},"_links":{"self":[{"href":"https:\/\/adeleacademy.ch\/en\/wp-json\/wp\/v2\/product\/31335","targetHints":{"allow":["GET"]}}],"collection":[{"href":"https:\/\/adeleacademy.ch\/en\/wp-json\/wp\/v2\/product"}],"about":[{"href":"https:\/\/adeleacademy.ch\/en\/wp-json\/wp\/v2\/types\/product"}],"wp:featuredmedia":[{"embeddable":true,"href":"https:\/\/adeleacademy.ch\/en\/wp-json\/wp\/v2\/media\/31362"}],"wp:attachment":[{"href":"https:\/\/adeleacademy.ch\/en\/wp-json\/wp\/v2\/media?parent=31335"}],"wp:term":[{"taxonomy":"product_brand","embeddable":true,"href":"https:\/\/adeleacademy.ch\/en\/wp-json\/wp\/v2\/product_brand?post=31335"},{"taxonomy":"product_cat","embeddable":true,"href":"https:\/\/adeleacademy.ch\/en\/wp-json\/wp\/v2\/product_cat?post=31335"},{"taxonomy":"product_tag","embeddable":true,"href":"https:\/\/adeleacademy.ch\/en\/wp-json\/wp\/v2\/product_tag?post=31335"}],"curies":[{"name":"wp","href":"https:\/\/api.w.org\/{rel}","templated":true}]}}