{"id":31956,"date":"2026-03-17T18:25:46","date_gmt":"2026-03-17T17:25:46","guid":{"rendered":"https:\/\/adeleacademy.ch\/?page_id=31956"},"modified":"2026-03-17T18:25:47","modified_gmt":"2026-03-17T17:25:47","slug":"concert-soutien","status":"publish","type":"page","link":"https:\/\/adeleacademy.ch\/en\/concert-soutien\/","title":{"rendered":"CONCERT SOUTIEN"},"content":{"rendered":"<p>[et_pb_section fb_built=\u00a0\u00bb1&Prime; _builder_version=\u00a0\u00bb4.17.0&Prime; _module_preset=\u00a0\u00bbdefault\u00a0\u00bb background_color=\u00a0\u00bb#f9f5ec\u00a0\u00bb custom_padding=\u00a0\u00bb22px||5px|||\u00a0\u00bb global_colors_info=\u00a0\u00bb{}\u00a0\u00bb][et_pb_row _builder_version=\u00a0\u00bb4.17.0&Prime; _module_preset=\u00a0\u00bbdefault\u00a0\u00bb background_color=\u00a0\u00bb#f9f5ec\u00a0\u00bb custom_padding=\u00a0\u00bb0px||4px|||\u00a0\u00bb global_colors_info=\u00a0\u00bb{}\u00a0\u00bb][et_pb_column type=\u00a0\u00bb4_4&Prime; _builder_version=\u00a0\u00bb4.17.0&Prime; _module_preset=\u00a0\u00bbdefault\u00a0\u00bb global_colors_info=\u00a0\u00bb{}\u00a0\u00bb][et_pb_menu menu_id=\u00a0\u00bb13&Prime; logo=\u00a0\u00bbhttps:\/\/adeleacademy.ch\/wp-content\/uploads\/2022\/04\/LOGO-PAYSAGE-SIMPLE-BLEUROUGE.png\u00a0\u00bb logo_width=\u00a0\u00bb14%\u00a0\u00bb _builder_version=\u00a0\u00bb4.17.0&Prime; _module_preset=\u00a0\u00bbdefault\u00a0\u00bb background_color=\u00a0\u00bb#f9f5ec\u00a0\u00bb text_orientation=\u00a0\u00bbright\u00a0\u00bb module_alignment=\u00a0\u00bbright\u00a0\u00bb custom_margin=\u00a0\u00bb||||false|false\u00a0\u00bb custom_padding=\u00a0\u00bb||||false|false\u00a0\u00bb global_colors_info=\u00a0\u00bb{}\u00a0\u00bb][\/et_pb_menu][\/et_pb_column][\/et_pb_row][\/et_pb_section][et_pb_section fb_built=\u00a0\u00bb1&Prime; admin_label=\u00a0\u00bbTeam\u00a0\u00bb _builder_version=\u00a0\u00bb4.27.0&Prime; background_color=\u00a0\u00bb#FFFFFF\u00a0\u00bb background_image=\u00a0\u00bbhttps:\/\/adeleacademy.ch\/wp-content\/uploads\/2022\/04\/worship-leader-louange-photo-formation.png\u00a0\u00bb parallax=\u00a0\u00bbon\u00a0\u00bb custom_padding=\u00a0\u00bb||50px||false|false\u00a0\u00bb top_divider_color=\u00a0\u00bb#f9f5ec\u00a0\u00bb bottom_divider_style=\u00a0\u00bbarrow\u00a0\u00bb bottom_divider_color=\u00a0\u00bb#FFFFFF\u00a0\u00bb global_colors_info=\u00a0\u00bb{}\u00a0\u00bb][et_pb_row _builder_version=\u00a0\u00bb4.19.4&Prime; background_color=\u00a0\u00bbRGBA(255,255,255,0)\u00a0\u00bb background_size=\u00a0\u00bbinitial\u00a0\u00bb background_position=\u00a0\u00bbtop_left\u00a0\u00bb background_repeat=\u00a0\u00bbrepeat\u00a0\u00bb custom_padding=\u00a0\u00bb27px|0px|0px|0px\u00a0\u00bb border_radii=\u00a0\u00bbon|10px|10px|10px|10px\u00a0\u00bb global_colors_info=\u00a0\u00bb{}\u00a0\u00bb][et_pb_column type=\u00a0\u00bb4_4&Prime; _builder_version=\u00a0\u00bb4.16&Prime; custom_padding=\u00a0\u00bb|||\u00a0\u00bb global_colors_info=\u00a0\u00bb{}\u00a0\u00bb custom_padding__hover=\u00a0\u00bb|||\u00a0\u00bb][et_pb_image src=\u00a0\u00bbhttps:\/\/adeleacademy.ch\/wp-content\/uploads\/2022\/04\/LOGO-PAYSAGE-SIMPLE-BLANCROUGE.png\u00a0\u00bb title_text=\u00a0\u00bbSIMPLE LANDSCAPE LOGO WHITE:RED\u00a0\u00bb align=\u00a0\u00bbcenter\u00a0\u00bb _builder_version=\u00a0\u00bb4.17.0&Prime; _module_preset=\u00a0\u00bbdefault\u00a0\u00bb width=\u00a0\u00bb60%\u00a0\u00bb max_width=\u00a0\u00bb80%\u00a0\u00bb module_alignment=\u00a0\u00bbcenter\u00a0\u00bb custom_margin=\u00a0\u00bb||21px|||\u00a0\u00bb animation_style=\u00a0\u00bbfold\u00a0\u00bb animation_duration=\u00a0\u00bb2000ms\u00a0\u00bb animation_delay=\u00a0\u00bb300ms\u00a0\u00bb animation_intensity_fold=\u00a0\u00bb80%\u00a0\u00bb animation_speed_curve=\u00a0\u00bbease\u00a0\u00bb global_colors_info=\u00a0\u00bb{}\u00a0\u00bb][\/et_pb_image][\/et_pb_column][\/et_pb_row][\/et_pb_section][et_pb_section fb_built=\u00a0\u00bb1&Prime; theme_builder_area=\u00a0\u00bbpost_content\u00a0\u00bb _builder_version=\u00a0\u00bb4.27.6&Prime; _module_preset=\u00a0\u00bbdefault\u00a0\u00bb][et_pb_row _builder_version=\u00a0\u00bb4.27.6&Prime; _module_preset=\u00a0\u00bbdefault\u00a0\u00bb theme_builder_area=\u00a0\u00bbpost_content\u00a0\u00bb][et_pb_column _builder_version=\u00a0\u00bb4.27.6&Prime; _module_preset=\u00a0\u00bbdefault\u00a0\u00bb theme_builder_area=\u00a0\u00bbpost_content\u00a0\u00bb][et_pb_image src=\u00a0\u00bbhttps:\/\/adeleacademy.ch\/wp-content\/uploads\/2026\/03\/Flyer-Concert-Soutien-3.png\u00a0\u00bb _builder_version=\u00a0\u00bb4.27.6&Prime; _module_preset=\u00a0\u00bbdefault\u00a0\u00bb theme_builder_area=\u00a0\u00bbpost_content\u00a0\u00bb hover_enabled=\u00a0\u00bb0&Prime; sticky_enabled=\u00a0\u00bb0&Prime; max_width=\u00a0\u00bb100%\u00a0\u00bb width=\u00a0\u00bb50%\u00a0\u00bb align=\u00a0\u00bbcenter\u00a0\u00bb][\/et_pb_image][et_pb_text _builder_version=\u00a0\u00bb4.27.6&Prime; _module_preset=\u00a0\u00bbdefault\u00a0\u00bb theme_builder_area=\u00a0\u00bbpost_content\u00a0\u00bb hover_enabled=\u00a0\u00bb0&Prime; sticky_enabled=\u00a0\u00bb0&Prime;]<\/p>\n<p style=\"text-align: center;\">Scannez le code QR pour vous inscrire ou rendez-vous sur la <a href=\"https:\/\/infomaniak.events\/shop\/ticket-shop-V8CEGWVP7M\">boutique en ligne<\/a>.<\/p>\n<p>[\/et_pb_text][\/et_pb_column][\/et_pb_row][\/et_pb_section]<\/p>\n","protected":false},"excerpt":{"rendered":"<p>Scannez le code QR pour vous inscrire ou rendez-vous sur la boutique en ligne.<\/p>","protected":false},"author":3,"featured_media":0,"parent":0,"menu_order":0,"comment_status":"closed","ping_status":"closed","template":"","meta":{"_et_pb_use_builder":"on","_et_pb_old_content":"","_et_gb_content_width":"","footnotes":""},"class_list":["post-31956","page","type-page","status-publish","hentry"],"yoast_head":"<!-- This site is optimized with the Yoast SEO plugin v27.4 - https:\/\/yoast.com\/product\/yoast-seo-wordpress\/ -->\n<title>CONCERT SOUTIEN - Adelea Academy<\/title>\n<meta name=\"robots\" content=\"index, follow, max-snippet:-1, max-image-preview:large, max-video-preview:-1\" \/>\n<link rel=\"canonical\" href=\"https:\/\/adeleacademy.ch\/en\/concert-soutien\/\" \/>\n<meta property=\"og:locale\" content=\"en_GB\" \/>\n<meta property=\"og:type\" content=\"article\" \/>\n<meta property=\"og:title\" content=\"CONCERT SOUTIEN - Adelea Academy\" \/>\n<meta property=\"og:description\" content=\"Scannez le code QR pour vous inscrire ou rendez-vous sur la boutique en ligne.\" \/>\n<meta property=\"og:url\" content=\"https:\/\/adeleacademy.ch\/en\/concert-soutien\/\" \/>\n<meta property=\"og:site_name\" content=\"Adelea Academy\" \/>\n<meta property=\"article:publisher\" content=\"https:\/\/www.facebook.com\/adeleaacademy\" \/>\n<meta property=\"article:modified_time\" content=\"2026-03-17T17:25:47+00:00\" \/>\n<meta name=\"twitter:card\" content=\"summary_large_image\" \/>\n<meta name=\"twitter:label1\" content=\"Estimated reading time\" \/>\n\t<meta name=\"twitter:data1\" content=\"2 minutes\" \/>\n<script type=\"application\/ld+json\" class=\"yoast-schema-graph\">{\"@context\":\"https:\\\/\\\/schema.org\",\"@graph\":[{\"@type\":\"WebPage\",\"@id\":\"https:\\\/\\\/adeleacademy.ch\\\/concert-soutien\\\/\",\"url\":\"https:\\\/\\\/adeleacademy.ch\\\/concert-soutien\\\/\",\"name\":\"CONCERT SOUTIEN - Adelea Academy\",\"isPartOf\":{\"@id\":\"https:\\\/\\\/adeleacademy.ch\\\/#website\"},\"datePublished\":\"2026-03-17T17:25:46+00:00\",\"dateModified\":\"2026-03-17T17:25:47+00:00\",\"breadcrumb\":{\"@id\":\"https:\\\/\\\/adeleacademy.ch\\\/concert-soutien\\\/#breadcrumb\"},\"inLanguage\":\"en-GB\",\"potentialAction\":[{\"@type\":\"ReadAction\",\"target\":[\"https:\\\/\\\/adeleacademy.ch\\\/concert-soutien\\\/\"]}]},{\"@type\":\"BreadcrumbList\",\"@id\":\"https:\\\/\\\/adeleacademy.ch\\\/concert-soutien\\\/#breadcrumb\",\"itemListElement\":[{\"@type\":\"ListItem\",\"position\":1,\"name\":\"Accueil\",\"item\":\"https:\\\/\\\/adeleacademy.ch\\\/\"},{\"@type\":\"ListItem\",\"position\":2,\"name\":\"CONCERT SOUTIEN\"}]},{\"@type\":\"WebSite\",\"@id\":\"https:\\\/\\\/adeleacademy.ch\\\/#website\",\"url\":\"https:\\\/\\\/adeleacademy.ch\\\/\",\"name\":\"Adelea Academy\",\"description\":\"UNE \u00c9COLE INNOVANTE ET INSPIRANTE\",\"publisher\":{\"@id\":\"https:\\\/\\\/adeleacademy.ch\\\/#organization\"},\"potentialAction\":[{\"@type\":\"SearchAction\",\"target\":{\"@type\":\"EntryPoint\",\"urlTemplate\":\"https:\\\/\\\/adeleacademy.ch\\\/?s={search_term_string}\"},\"query-input\":{\"@type\":\"PropertyValueSpecification\",\"valueRequired\":true,\"valueName\":\"search_term_string\"}}],\"inLanguage\":\"en-GB\"},{\"@type\":\"Organization\",\"@id\":\"https:\\\/\\\/adeleacademy.ch\\\/#organization\",\"name\":\"Ad\u00e9l\u00e9A Acad\u00e9my\",\"url\":\"https:\\\/\\\/adeleacademy.ch\\\/\",\"logo\":{\"@type\":\"ImageObject\",\"inLanguage\":\"en-GB\",\"@id\":\"https:\\\/\\\/adeleacademy.ch\\\/#\\\/schema\\\/logo\\\/image\\\/\",\"url\":\"https:\\\/\\\/adeleacademy.ch\\\/wp-content\\\/uploads\\\/2022\\\/05\\\/LOGO-PORTRAIT-2-BLEUROUGE.png\",\"contentUrl\":\"https:\\\/\\\/adeleacademy.ch\\\/wp-content\\\/uploads\\\/2022\\\/05\\\/LOGO-PORTRAIT-2-BLEUROUGE.png\",\"width\":2949,\"height\":3136,\"caption\":\"Ad\u00e9l\u00e9A Acad\u00e9my\"},\"image\":{\"@id\":\"https:\\\/\\\/adeleacademy.ch\\\/#\\\/schema\\\/logo\\\/image\\\/\"},\"sameAs\":[\"https:\\\/\\\/www.facebook.com\\\/adeleaacademy\",\"https:\\\/\\\/www.instagram.com\\\/adelea_academy\\\/\"]}]}<\/script>\n<!-- \/ Yoast SEO plugin. -->","yoast_head_json":{"title":"CONCERT SOUTIEN - Adelea Academy","robots":{"index":"index","follow":"follow","max-snippet":"max-snippet:-1","max-image-preview":"max-image-preview:large","max-video-preview":"max-video-preview:-1"},"canonical":"https:\/\/adeleacademy.ch\/en\/concert-soutien\/","og_locale":"en_GB","og_type":"article","og_title":"CONCERT SOUTIEN - Adelea Academy","og_description":"Scannez le code QR pour vous inscrire ou rendez-vous sur la boutique en ligne.","og_url":"https:\/\/adeleacademy.ch\/en\/concert-soutien\/","og_site_name":"Adelea Academy","article_publisher":"https:\/\/www.facebook.com\/adeleaacademy","article_modified_time":"2026-03-17T17:25:47+00:00","twitter_card":"summary_large_image","twitter_misc":{"Estimated reading time":"2 minutes"},"schema":{"@context":"https:\/\/schema.org","@graph":[{"@type":"WebPage","@id":"https:\/\/adeleacademy.ch\/concert-soutien\/","url":"https:\/\/adeleacademy.ch\/concert-soutien\/","name":"CONCERT SOUTIEN - Adelea Academy","isPartOf":{"@id":"https:\/\/adeleacademy.ch\/#website"},"datePublished":"2026-03-17T17:25:46+00:00","dateModified":"2026-03-17T17:25:47+00:00","breadcrumb":{"@id":"https:\/\/adeleacademy.ch\/concert-soutien\/#breadcrumb"},"inLanguage":"en-GB","potentialAction":[{"@type":"ReadAction","target":["https:\/\/adeleacademy.ch\/concert-soutien\/"]}]},{"@type":"BreadcrumbList","@id":"https:\/\/adeleacademy.ch\/concert-soutien\/#breadcrumb","itemListElement":[{"@type":"ListItem","position":1,"name":"Accueil","item":"https:\/\/adeleacademy.ch\/"},{"@type":"ListItem","position":2,"name":"CONCERT SOUTIEN"}]},{"@type":"WebSite","@id":"https:\/\/adeleacademy.ch\/#website","url":"https:\/\/adeleacademy.ch\/","name":"Adelea Academy","description":"UNE \u00c9COLE INNOVANTE ET INSPIRANTE","publisher":{"@id":"https:\/\/adeleacademy.ch\/#organization"},"potentialAction":[{"@type":"SearchAction","target":{"@type":"EntryPoint","urlTemplate":"https:\/\/adeleacademy.ch\/?s={search_term_string}"},"query-input":{"@type":"PropertyValueSpecification","valueRequired":true,"valueName":"search_term_string"}}],"inLanguage":"en-GB"},{"@type":"Organization","@id":"https:\/\/adeleacademy.ch\/#organization","name":"Ad\u00e9l\u00e9A Acad\u00e9my","url":"https:\/\/adeleacademy.ch\/","logo":{"@type":"ImageObject","inLanguage":"en-GB","@id":"https:\/\/adeleacademy.ch\/#\/schema\/logo\/image\/","url":"https:\/\/adeleacademy.ch\/wp-content\/uploads\/2022\/05\/LOGO-PORTRAIT-2-BLEUROUGE.png","contentUrl":"https:\/\/adeleacademy.ch\/wp-content\/uploads\/2022\/05\/LOGO-PORTRAIT-2-BLEUROUGE.png","width":2949,"height":3136,"caption":"Ad\u00e9l\u00e9A Acad\u00e9my"},"image":{"@id":"https:\/\/adeleacademy.ch\/#\/schema\/logo\/image\/"},"sameAs":["https:\/\/www.facebook.com\/adeleaacademy","https:\/\/www.instagram.com\/adelea_academy\/"]}]}},"_links":{"self":[{"href":"https:\/\/adeleacademy.ch\/en\/wp-json\/wp\/v2\/pages\/31956","targetHints":{"allow":["GET"]}}],"collection":[{"href":"https:\/\/adeleacademy.ch\/en\/wp-json\/wp\/v2\/pages"}],"about":[{"href":"https:\/\/adeleacademy.ch\/en\/wp-json\/wp\/v2\/types\/page"}],"author":[{"embeddable":true,"href":"https:\/\/adeleacademy.ch\/en\/wp-json\/wp\/v2\/users\/3"}],"replies":[{"embeddable":true,"href":"https:\/\/adeleacademy.ch\/en\/wp-json\/wp\/v2\/comments?post=31956"}],"version-history":[{"count":2,"href":"https:\/\/adeleacademy.ch\/en\/wp-json\/wp\/v2\/pages\/31956\/revisions"}],"predecessor-version":[{"id":31965,"href":"https:\/\/adeleacademy.ch\/en\/wp-json\/wp\/v2\/pages\/31956\/revisions\/31965"}],"wp:attachment":[{"href":"https:\/\/adeleacademy.ch\/en\/wp-json\/wp\/v2\/media?parent=31956"}],"curies":[{"name":"wp","href":"https:\/\/api.w.org\/{rel}","templated":true}]}}