{"id":31086,"date":"2024-08-15T17:27:01","date_gmt":"2024-08-15T15:27:01","guid":{"rendered":"https:\/\/adeleacademy.ch\/shop\/"},"modified":"2025-09-24T15:06:20","modified_gmt":"2025-09-24T13:06:20","slug":"alacarte","status":"publish","type":"page","link":"https:\/\/adeleacademy.ch\/en\/alacarte\/","title":{"rendered":"A LA CARTE COURSES"},"content":{"rendered":"<p>[et_pb_section fb_built=\u00a0\u00bb1&Prime; _builder_version=\u00a0\u00bb4.17.0&Prime; _module_preset=\u00a0\u00bbdefault\u00a0\u00bb background_color=\u00a0\u00bb#f9f5ec\u00a0\u00bb custom_padding=\u00a0\u00bb22px||5px|||\u00a0\u00bb global_colors_info=\u00a0\u00bb{}\u00a0\u00bb][et_pb_row _builder_version=\u00a0\u00bb4.17.0&Prime; _module_preset=\u00a0\u00bbdefault\u00a0\u00bb background_color=\u00a0\u00bb#f9f5ec\u00a0\u00bb custom_padding=\u00a0\u00bb0px||4px|||\u00a0\u00bb global_colors_info=\u00a0\u00bb{}\u00a0\u00bb][et_pb_column type=\u00a0\u00bb4_4&Prime; _builder_version=\u00a0\u00bb4.17.0&Prime; _module_preset=\u00a0\u00bbdefault\u00a0\u00bb global_colors_info=\u00a0\u00bb{}\u00a0\u00bb][et_pb_menu menu_id=\u00a0\u00bb13&Prime; logo=\u00a0\u00bbhttps:\/\/adeleacademy.ch\/wp-content\/uploads\/2022\/04\/LOGO-PAYSAGE-SIMPLE-BLEUROUGE.png\u00a0\u00bb logo_width=\u00a0\u00bb14%\u00a0\u00bb _builder_version=\u00a0\u00bb4.17.0&Prime; _module_preset=\u00a0\u00bbdefault\u00a0\u00bb background_color=\u00a0\u00bb#f9f5ec\u00a0\u00bb text_orientation=\u00a0\u00bbright\u00a0\u00bb module_alignment=\u00a0\u00bbright\u00a0\u00bb custom_margin=\u00a0\u00bb||||false|false\u00a0\u00bb custom_padding=\u00a0\u00bb||||false|false\u00a0\u00bb global_colors_info=\u00a0\u00bb{}\u00a0\u00bb][\/et_pb_menu][\/et_pb_column][\/et_pb_row][\/et_pb_section][et_pb_section fb_built=\u00a0\u00bb1&Prime; admin_label=\u00a0\u00bbTeam\u00a0\u00bb _builder_version=\u00a0\u00bb4.27.0&Prime; background_color=\u00a0\u00bb#FFFFFF\u00a0\u00bb background_image=\u00a0\u00bbhttps:\/\/adeleacademy.ch\/wp-content\/uploads\/2022\/04\/worship-leader-louange-photo-formation.png\u00a0\u00bb parallax=\u00a0\u00bbon\u00a0\u00bb custom_padding=\u00a0\u00bb||50px||false|false\u00a0\u00bb top_divider_color=\u00a0\u00bb#f9f5ec\u00a0\u00bb bottom_divider_style=\u00a0\u00bbarrow\u00a0\u00bb bottom_divider_color=\u00a0\u00bb#FFFFFF\u00a0\u00bb global_colors_info=\u00a0\u00bb{}\u00a0\u00bb][et_pb_row _builder_version=\u00a0\u00bb4.19.4&Prime; background_color=\u00a0\u00bbRGBA(255,255,255,0)\u00a0\u00bb background_size=\u00a0\u00bbinitial\u00a0\u00bb background_position=\u00a0\u00bbtop_left\u00a0\u00bb background_repeat=\u00a0\u00bbrepeat\u00a0\u00bb custom_padding=\u00a0\u00bb27px|0px|0px|0px\u00a0\u00bb border_radii=\u00a0\u00bbon|10px|10px|10px|10px\u00a0\u00bb global_colors_info=\u00a0\u00bb{}\u00a0\u00bb][et_pb_column type=\u00a0\u00bb4_4&Prime; _builder_version=\u00a0\u00bb4.16&Prime; custom_padding=\u00a0\u00bb|||\u00a0\u00bb global_colors_info=\u00a0\u00bb{}\u00a0\u00bb custom_padding__hover=\u00a0\u00bb|||\u00a0\u00bb][et_pb_image src=\u00a0\u00bbhttps:\/\/adeleacademy.ch\/wp-content\/uploads\/2022\/04\/LOGO-PAYSAGE-SIMPLE-BLANCROUGE.png\u00a0\u00bb title_text=\u00a0\u00bbLOGO PAYSAGE SIMPLE BLANC:ROUGE\u00a0\u00bb align=\u00a0\u00bbcenter\u00a0\u00bb _builder_version=\u00a0\u00bb4.17.0&Prime; _module_preset=\u00a0\u00bbdefault\u00a0\u00bb width=\u00a0\u00bb60%\u00a0\u00bb max_width=\u00a0\u00bb80%\u00a0\u00bb module_alignment=\u00a0\u00bbcenter\u00a0\u00bb custom_margin=\u00a0\u00bb||21px|||\u00a0\u00bb animation_style=\u00a0\u00bbfold\u00a0\u00bb animation_duration=\u00a0\u00bb2000ms\u00a0\u00bb animation_delay=\u00a0\u00bb300ms\u00a0\u00bb animation_intensity_fold=\u00a0\u00bb80%\u00a0\u00bb animation_speed_curve=\u00a0\u00bbease\u00a0\u00bb global_colors_info=\u00a0\u00bb{}\u00a0\u00bb][\/et_pb_image][\/et_pb_column][\/et_pb_row][\/et_pb_section][et_pb_section fb_built=\u00a0\u00bb1&Prime; admin_label=\u00a0\u00bbTeam\u00a0\u00bb _builder_version=\u00a0\u00bb4.27.0&Prime; background_color=\u00a0\u00bb#FFFFFF\u00a0\u00bb min_height=\u00a0\u00bb100px\u00a0\u00bb height=\u00a0\u00bb479px\u00a0\u00bb max_height=\u00a0\u00bb1000px\u00a0\u00bb custom_padding=\u00a0\u00bb||0px||false|false\u00a0\u00bb global_colors_info=\u00a0\u00bb{}\u00a0\u00bb][et_pb_row module_id=\u00a0\u00bbpresentation\u00a0\u00bb _builder_version=\u00a0\u00bb4.19.4&Prime; custom_margin=\u00a0\u00bb-27px|auto||auto||\u00a0\u00bb custom_padding=\u00a0\u00bb49px|||||\u00a0\u00bb global_colors_info=\u00a0\u00bb{}\u00a0\u00bb][et_pb_column type=\u00a0\u00bb4_4&Prime; _builder_version=\u00a0\u00bb4.16&Prime; custom_padding=\u00a0\u00bb|||\u00a0\u00bb global_colors_info=\u00a0\u00bb{}\u00a0\u00bb custom_padding__hover=\u00a0\u00bb|||\u00a0\u00bb][et_pb_text admin_label=\u00a0\u00bbTitle\u00a0\u00bb _builder_version=\u00a0\u00bb4.27.0&Prime; text_font=\u00a0\u00bb||||||||\u00a0\u00bb header_font=\u00a0\u00bbMontserrat|600|||||||\u00a0\u00bb header_font_size=\u00a0\u00bb80px\u00a0\u00bb header_line_height=\u00a0\u00bb1.2em\u00a0\u00bb background_layout=\u00a0\u00bbdark\u00a0\u00bb custom_margin=\u00a0\u00bb||1px|||\u00a0\u00bb custom_padding=\u00a0\u00bb||0px|||\u00a0\u00bb animation_style=\u00a0\u00bbfade\u00a0\u00bb animation_direction=\u00a0\u00bbleft\u00a0\u00bb animation_duration=\u00a0\u00bb1500ms\u00a0\u00bb header_font_size_tablet=\u00a0\u00bb\u00a0\u00bb header_font_size_phone=\u00a0\u00bb72px\u00a0\u00bb header_font_size_last_edited=\u00a0\u00bbon|phone\u00a0\u00bb global_colors_info=\u00a0\u00bb{}\u00a0\u00bb]<\/p>\n<h2 style=\"text-align: center;\"><strong><span style=\"color: #e94f45;\">Cours Disponibles \u00e0 la Carte<\/span><\/strong><\/h2>\n<p><strong><span style=\"color: #e94f45;\"><\/span><\/strong><\/p>\n<p>[\/et_pb_text][et_pb_text admin_label=\u00a0\u00bbTitle\u00a0\u00bb _builder_version=\u00a0\u00bb4.27.4&Prime; text_font=\u00a0\u00bbMontserrat|300|||||||\u00a0\u00bb text_font_size=\u00a0\u00bb16px\u00a0\u00bb text_line_height=\u00a0\u00bb1.8em\u00a0\u00bb header_font=\u00a0\u00bb||||||||\u00a0\u00bb header_2_font=\u00a0\u00bbMontserrat|500|||||||\u00a0\u00bb header_2_text_align=\u00a0\u00bbcenter\u00a0\u00bb header_2_font_size=\u00a0\u00bb30px\u00a0\u00bb header_2_line_height=\u00a0\u00bb1.4em\u00a0\u00bb text_orientation=\u00a0\u00bbcenter\u00a0\u00bb max_width=\u00a0\u00bb700px\u00a0\u00bb module_alignment=\u00a0\u00bbcenter\u00a0\u00bb custom_padding=\u00a0\u00bb||0px|||\u00a0\u00bb animation_direction=\u00a0\u00bbright\u00a0\u00bb global_colors_info=\u00a0\u00bb{}\u00a0\u00bb]<\/p>\n<p style=\"text-align: justify;\">Nous sommes ravis de vous annoncer que certains de nos cours sont d\u00e9sormais disponibles \u00e0 la vente pour une large audience. Ces cours, con\u00e7us par nos professeurs, offrent une formation de haute qualit\u00e9 dans diverses disciplines.<\/p>\n<p style=\"text-align: justify;\">Une fois l&rsquo;achat effectu\u00e9, vous aurez un acc\u00e8s direct \u00e0 ces cours via notre Environnement Virtuel d&rsquo;Apprentissage. L&rsquo;EVA vous permet de recevoir les informations afin d&rsquo;assister aux cours en classe mais aussi d&rsquo;acc\u00e9der \u00e0 toutes les ressources n\u00e9cessaires, d&rsquo;int\u00e9rager avec les professeurs et autres \u00e9tudiants.<\/p>\n<p style=\"text-align: justify;\">N&rsquo;h\u00e9sitez pas \u00e0 consulter notre catalogue de cours\u00a0pour enrichir vos comp\u00e9tences et connaissances!<\/p>\n<p><span style=\"font-weight: 400;\"><\/span><\/p>\n<p><span style=\"font-weight: 400;\"><\/span><\/p>\n<p>[\/et_pb_text][\/et_pb_column][\/et_pb_row][\/et_pb_section][et_pb_section fb_built=\u00a0\u00bb1&Prime; prev_background_color=\u00a0\u00bb#FFFFFF\u00a0\u00bb disabled_on=\u00a0\u00bboff|off|off\u00a0\u00bb _builder_version=\u00a0\u00bb4.27.4&Prime; _module_preset=\u00a0\u00bbdefault\u00a0\u00bb background_color=\u00a0\u00bb#f6f6f6&Prime; custom_margin=\u00a0\u00bb0px||||false|false\u00a0\u00bb custom_padding=\u00a0\u00bb135px||||false|false\u00a0\u00bb top_divider_style=\u00a0\u00bbarrow\u00a0\u00bb global_colors_info=\u00a0\u00bb{}\u00a0\u00bb][et_pb_row column_structure=\u00a0\u00bb1_3,1_3,1_3&Prime; _builder_version=\u00a0\u00bb4.27.0&Prime; _module_preset=\u00a0\u00bbdefault\u00a0\u00bb global_colors_info=\u00a0\u00bb{}\u00a0\u00bb][et_pb_column type=\u00a0\u00bb1_3&Prime; _builder_version=\u00a0\u00bb4.27.0&Prime; _module_preset=\u00a0\u00bbdefault\u00a0\u00bb global_colors_info=\u00a0\u00bb{}\u00a0\u00bb][et_pb_wc_title product=\u00a0\u00bb31919&Prime; _builder_version=\u00a0\u00bb4.27.4&Prime; _module_preset=\u00a0\u00bbdefault\u00a0\u00bb global_colors_info=\u00a0\u00bb{}\u00a0\u00bb][\/et_pb_wc_title][et_pb_wc_images product=\u00a0\u00bb31919&Prime; _builder_version=\u00a0\u00bb4.27.4&Prime; _module_preset=\u00a0\u00bbdefault\u00a0\u00bb global_colors_info=\u00a0\u00bb{}\u00a0\u00bb][\/et_pb_wc_images][et_pb_wc_description product=\u00a0\u00bb31919&Prime; description_type=\u00a0\u00bbdescription\u00a0\u00bb _builder_version=\u00a0\u00bb4.27.4&Prime; _module_preset=\u00a0\u00bbdefault\u00a0\u00bb global_colors_info=\u00a0\u00bb{}\u00a0\u00bb][\/et_pb_wc_description][et_pb_wc_price product=\u00a0\u00bb31919&Prime; _builder_version=\u00a0\u00bb4.27.4&Prime; _module_preset=\u00a0\u00bbdefault\u00a0\u00bb global_colors_info=\u00a0\u00bb{}\u00a0\u00bb][\/et_pb_wc_price][et_pb_button button_url=\u00a0\u00bbhttps:\/\/als.adeleacademy.ch\/enrol\/index.php?id=63&Prime; button_text=\u00a0\u00bbS&rsquo;inscrire\u00a0\u00bb _builder_version=\u00a0\u00bb4.27.4&Prime; _module_preset=\u00a0\u00bbdefault\u00a0\u00bb hover_enabled=\u00a0\u00bb0&Prime; global_colors_info=\u00a0\u00bb{}\u00a0\u00bb sticky_enabled=\u00a0\u00bb0&Prime;][\/et_pb_button][et_pb_wc_description product=\u00a0\u00bb31919&Prime; _builder_version=\u00a0\u00bb4.27.4&Prime; _module_preset=\u00a0\u00bbdefault\u00a0\u00bb global_colors_info=\u00a0\u00bb{}\u00a0\u00bb][\/et_pb_wc_description][\/et_pb_column][et_pb_column type=\u00a0\u00bb1_3&Prime; _builder_version=\u00a0\u00bb4.27.0&Prime; _module_preset=\u00a0\u00bbdefault\u00a0\u00bb global_colors_info=\u00a0\u00bb{}\u00a0\u00bb][et_pb_wc_title product=\u00a0\u00bb31918&Prime; _builder_version=\u00a0\u00bb4.27.4&Prime; _module_preset=\u00a0\u00bbdefault\u00a0\u00bb global_colors_info=\u00a0\u00bb{}\u00a0\u00bb][\/et_pb_wc_title][et_pb_wc_images _builder_version=\u00a0\u00bb4.27.4&Prime; _module_preset=\u00a0\u00bbdefault\u00a0\u00bb product=\u00a0\u00bb31918&Prime; hover_enabled=\u00a0\u00bb0&Prime; sticky_enabled=\u00a0\u00bb0&Prime;][\/et_pb_wc_images][et_pb_wc_description _builder_version=\u00a0\u00bb4.27.4&Prime; _module_preset=\u00a0\u00bbdefault\u00a0\u00bb product=\u00a0\u00bb31918&Prime; hover_enabled=\u00a0\u00bb0&Prime; sticky_enabled=\u00a0\u00bb0&Prime;][\/et_pb_wc_description][et_pb_wc_price _builder_version=\u00a0\u00bb4.27.4&Prime; _module_preset=\u00a0\u00bbdefault\u00a0\u00bb product=\u00a0\u00bb31918&Prime; hover_enabled=\u00a0\u00bb0&Prime; sticky_enabled=\u00a0\u00bb0&Prime;][\/et_pb_wc_price][et_pb_button button_text=\u00a0\u00bbS&rsquo;inscrire\u00a0\u00bb _builder_version=\u00a0\u00bb4.27.4&Prime; _module_preset=\u00a0\u00bbdefault\u00a0\u00bb button_url=\u00a0\u00bbhttps:\/\/als.adeleacademy.ch\/enrol\/index.php?id=62&Prime; hover_enabled=\u00a0\u00bb0&Prime; sticky_enabled=\u00a0\u00bb0&Prime;][\/et_pb_button][et_pb_wc_description _builder_version=\u00a0\u00bb4.27.4&Prime; _module_preset=\u00a0\u00bbdefault\u00a0\u00bb product=\u00a0\u00bb31918&Prime; description_type=\u00a0\u00bbdescription\u00a0\u00bb hover_enabled=\u00a0\u00bb0&Prime; sticky_enabled=\u00a0\u00bb0&Prime;][\/et_pb_wc_description][\/et_pb_column][et_pb_column type=\u00a0\u00bb1_3&Prime; _builder_version=\u00a0\u00bb4.27.0&Prime; _module_preset=\u00a0\u00bbdefault\u00a0\u00bb global_colors_info=\u00a0\u00bb{}\u00a0\u00bb][\/et_pb_column][\/et_pb_row][et_pb_row _builder_version=\u00a0\u00bb4.27.4&Prime; _module_preset=\u00a0\u00bbdefault\u00a0\u00bb global_colors_info=\u00a0\u00bb{}\u00a0\u00bb][et_pb_column type=\u00a0\u00bb4_4&Prime; _builder_version=\u00a0\u00bb4.27.4&Prime; _module_preset=\u00a0\u00bbdefault\u00a0\u00bb global_colors_info=\u00a0\u00bb{}\u00a0\u00bb][et_pb_text _builder_version=\u00a0\u00bb4.27.4&Prime; _module_preset=\u00a0\u00bbdefault\u00a0\u00bb hover_enabled=\u00a0\u00bb0&Prime; global_colors_info=\u00a0\u00bb{}\u00a0\u00bb sticky_enabled=\u00a0\u00bb0&Prime;]<\/p>\n<p>Pour vous inscrire:<\/p>\n<ul>\n<li>Cliquer sur le bouton \u00ab\u00a0S&rsquo;inscrire\u00a0\u00bb. Vous serez redirig\u00e9 vers notre plateforme EVA.<\/li>\n<li>Cliquer ensuite sur \u00ab\u00a0Se connecter sur le site\u00a0\u00bb.<\/li>\n<li>Cr\u00e9er votre compte et confirmer votre adresse mail.<\/li>\n<li>S\u00e9lectionner le type de paiement et choisissez Stripe.<\/li>\n<li>Payer le montant indiqu\u00e9 par carte bancaire (Visa, Mastercard)<\/li>\n<li>Vous voil\u00e0 inscrit au cours!<\/li>\n<\/ul>\n<p>[\/et_pb_text][\/et_pb_column][\/et_pb_row][\/et_pb_section]<\/p>\n","protected":false},"excerpt":{"rendered":"<p>Cours Disponibles \u00e0 la Carte Nous sommes ravis de vous annoncer que certains de nos cours sont d\u00e9sormais disponibles \u00e0 la vente pour une large audience. Ces cours, con\u00e7us par nos professeurs, offrent une formation de haute qualit\u00e9 dans diverses disciplines. Une fois l&rsquo;achat effectu\u00e9, vous aurez un acc\u00e8s direct \u00e0 ces cours via notre [&hellip;]<\/p>\n","protected":false},"author":1,"featured_media":0,"parent":0,"menu_order":0,"comment_status":"closed","ping_status":"closed","template":"","meta":{"_et_pb_use_builder":"on","_et_pb_old_content":"","_et_gb_content_width":"","footnotes":""},"class_list":["post-31086","page","type-page","status-publish","hentry"],"yoast_head":"<!-- This site is optimized with the Yoast SEO plugin v27.3 - https:\/\/yoast.com\/product\/yoast-seo-wordpress\/ -->\n<title>COURS A LA CARTE - Adelea Academy<\/title>\n<meta name=\"robots\" content=\"index, follow, max-snippet:-1, max-image-preview:large, max-video-preview:-1\" \/>\n<link rel=\"canonical\" href=\"https:\/\/adeleacademy.ch\/en\/alacarte\/\" \/>\n<meta property=\"og:locale\" content=\"en_GB\" \/>\n<meta property=\"og:type\" content=\"article\" \/>\n<meta property=\"og:title\" content=\"COURS A LA CARTE - Adelea Academy\" \/>\n<meta property=\"og:description\" content=\"Cours Disponibles \u00e0 la Carte Nous sommes ravis de vous annoncer que certains de nos cours sont d\u00e9sormais disponibles \u00e0 la vente pour une large audience. Ces cours, con\u00e7us par nos professeurs, offrent une formation de haute qualit\u00e9 dans diverses disciplines. Une fois l&#039;achat effectu\u00e9, vous aurez un acc\u00e8s direct \u00e0 ces cours via notre [&hellip;]\" \/>\n<meta property=\"og:url\" content=\"https:\/\/adeleacademy.ch\/en\/alacarte\/\" \/>\n<meta property=\"og:site_name\" content=\"Adelea Academy\" \/>\n<meta property=\"article:publisher\" content=\"https:\/\/www.facebook.com\/adeleaacademy\" \/>\n<meta property=\"article:modified_time\" content=\"2025-09-24T13:06:20+00:00\" \/>\n<meta name=\"twitter:card\" content=\"summary_large_image\" \/>\n<meta name=\"twitter:label1\" content=\"Estimated reading time\" \/>\n\t<meta name=\"twitter:data1\" content=\"6 minutes\" \/>\n<script type=\"application\/ld+json\" class=\"yoast-schema-graph\">{\"@context\":\"https:\\\/\\\/schema.org\",\"@graph\":[{\"@type\":\"WebPage\",\"@id\":\"https:\\\/\\\/adeleacademy.ch\\\/alacarte\\\/\",\"url\":\"https:\\\/\\\/adeleacademy.ch\\\/alacarte\\\/\",\"name\":\"COURS A LA CARTE - Adelea Academy\",\"isPartOf\":{\"@id\":\"https:\\\/\\\/adeleacademy.ch\\\/#website\"},\"datePublished\":\"2024-08-15T15:27:01+00:00\",\"dateModified\":\"2025-09-24T13:06:20+00:00\",\"breadcrumb\":{\"@id\":\"https:\\\/\\\/adeleacademy.ch\\\/alacarte\\\/#breadcrumb\"},\"inLanguage\":\"en-GB\",\"potentialAction\":[{\"@type\":\"ReadAction\",\"target\":[\"https:\\\/\\\/adeleacademy.ch\\\/alacarte\\\/\"]}]},{\"@type\":\"BreadcrumbList\",\"@id\":\"https:\\\/\\\/adeleacademy.ch\\\/alacarte\\\/#breadcrumb\",\"itemListElement\":[{\"@type\":\"ListItem\",\"position\":1,\"name\":\"Accueil\",\"item\":\"https:\\\/\\\/adeleacademy.ch\\\/\"},{\"@type\":\"ListItem\",\"position\":2,\"name\":\"COURS A LA CARTE\"}]},{\"@type\":\"WebSite\",\"@id\":\"https:\\\/\\\/adeleacademy.ch\\\/#website\",\"url\":\"https:\\\/\\\/adeleacademy.ch\\\/\",\"name\":\"Adelea Academy\",\"description\":\"UNE \u00c9COLE INNOVANTE ET INSPIRANTE\",\"publisher\":{\"@id\":\"https:\\\/\\\/adeleacademy.ch\\\/#organization\"},\"potentialAction\":[{\"@type\":\"SearchAction\",\"target\":{\"@type\":\"EntryPoint\",\"urlTemplate\":\"https:\\\/\\\/adeleacademy.ch\\\/?s={search_term_string}\"},\"query-input\":{\"@type\":\"PropertyValueSpecification\",\"valueRequired\":true,\"valueName\":\"search_term_string\"}}],\"inLanguage\":\"en-GB\"},{\"@type\":\"Organization\",\"@id\":\"https:\\\/\\\/adeleacademy.ch\\\/#organization\",\"name\":\"Ad\u00e9l\u00e9A Acad\u00e9my\",\"url\":\"https:\\\/\\\/adeleacademy.ch\\\/\",\"logo\":{\"@type\":\"ImageObject\",\"inLanguage\":\"en-GB\",\"@id\":\"https:\\\/\\\/adeleacademy.ch\\\/#\\\/schema\\\/logo\\\/image\\\/\",\"url\":\"https:\\\/\\\/adeleacademy.ch\\\/wp-content\\\/uploads\\\/2022\\\/05\\\/LOGO-PORTRAIT-2-BLEUROUGE.png\",\"contentUrl\":\"https:\\\/\\\/adeleacademy.ch\\\/wp-content\\\/uploads\\\/2022\\\/05\\\/LOGO-PORTRAIT-2-BLEUROUGE.png\",\"width\":2949,\"height\":3136,\"caption\":\"Ad\u00e9l\u00e9A Acad\u00e9my\"},\"image\":{\"@id\":\"https:\\\/\\\/adeleacademy.ch\\\/#\\\/schema\\\/logo\\\/image\\\/\"},\"sameAs\":[\"https:\\\/\\\/www.facebook.com\\\/adeleaacademy\",\"https:\\\/\\\/www.instagram.com\\\/adelea_academy\\\/\"]}]}<\/script>\n<!-- \/ Yoast SEO plugin. -->","yoast_head_json":{"title":"COURS A LA CARTE - Adelea Academy","robots":{"index":"index","follow":"follow","max-snippet":"max-snippet:-1","max-image-preview":"max-image-preview:large","max-video-preview":"max-video-preview:-1"},"canonical":"https:\/\/adeleacademy.ch\/en\/alacarte\/","og_locale":"en_GB","og_type":"article","og_title":"COURS A LA CARTE - Adelea Academy","og_description":"Cours Disponibles \u00e0 la Carte Nous sommes ravis de vous annoncer que certains de nos cours sont d\u00e9sormais disponibles \u00e0 la vente pour une large audience. Ces cours, con\u00e7us par nos professeurs, offrent une formation de haute qualit\u00e9 dans diverses disciplines. Une fois l'achat effectu\u00e9, vous aurez un acc\u00e8s direct \u00e0 ces cours via notre [&hellip;]","og_url":"https:\/\/adeleacademy.ch\/en\/alacarte\/","og_site_name":"Adelea Academy","article_publisher":"https:\/\/www.facebook.com\/adeleaacademy","article_modified_time":"2025-09-24T13:06:20+00:00","twitter_card":"summary_large_image","twitter_misc":{"Estimated reading time":"6 minutes"},"schema":{"@context":"https:\/\/schema.org","@graph":[{"@type":"WebPage","@id":"https:\/\/adeleacademy.ch\/alacarte\/","url":"https:\/\/adeleacademy.ch\/alacarte\/","name":"COURS A LA CARTE - Adelea Academy","isPartOf":{"@id":"https:\/\/adeleacademy.ch\/#website"},"datePublished":"2024-08-15T15:27:01+00:00","dateModified":"2025-09-24T13:06:20+00:00","breadcrumb":{"@id":"https:\/\/adeleacademy.ch\/alacarte\/#breadcrumb"},"inLanguage":"en-GB","potentialAction":[{"@type":"ReadAction","target":["https:\/\/adeleacademy.ch\/alacarte\/"]}]},{"@type":"BreadcrumbList","@id":"https:\/\/adeleacademy.ch\/alacarte\/#breadcrumb","itemListElement":[{"@type":"ListItem","position":1,"name":"Accueil","item":"https:\/\/adeleacademy.ch\/"},{"@type":"ListItem","position":2,"name":"COURS A LA CARTE"}]},{"@type":"WebSite","@id":"https:\/\/adeleacademy.ch\/#website","url":"https:\/\/adeleacademy.ch\/","name":"Adelea Academy","description":"UNE \u00c9COLE INNOVANTE ET INSPIRANTE","publisher":{"@id":"https:\/\/adeleacademy.ch\/#organization"},"potentialAction":[{"@type":"SearchAction","target":{"@type":"EntryPoint","urlTemplate":"https:\/\/adeleacademy.ch\/?s={search_term_string}"},"query-input":{"@type":"PropertyValueSpecification","valueRequired":true,"valueName":"search_term_string"}}],"inLanguage":"en-GB"},{"@type":"Organization","@id":"https:\/\/adeleacademy.ch\/#organization","name":"Ad\u00e9l\u00e9A Acad\u00e9my","url":"https:\/\/adeleacademy.ch\/","logo":{"@type":"ImageObject","inLanguage":"en-GB","@id":"https:\/\/adeleacademy.ch\/#\/schema\/logo\/image\/","url":"https:\/\/adeleacademy.ch\/wp-content\/uploads\/2022\/05\/LOGO-PORTRAIT-2-BLEUROUGE.png","contentUrl":"https:\/\/adeleacademy.ch\/wp-content\/uploads\/2022\/05\/LOGO-PORTRAIT-2-BLEUROUGE.png","width":2949,"height":3136,"caption":"Ad\u00e9l\u00e9A Acad\u00e9my"},"image":{"@id":"https:\/\/adeleacademy.ch\/#\/schema\/logo\/image\/"},"sameAs":["https:\/\/www.facebook.com\/adeleaacademy","https:\/\/www.instagram.com\/adelea_academy\/"]}]}},"_links":{"self":[{"href":"https:\/\/adeleacademy.ch\/en\/wp-json\/wp\/v2\/pages\/31086","targetHints":{"allow":["GET"]}}],"collection":[{"href":"https:\/\/adeleacademy.ch\/en\/wp-json\/wp\/v2\/pages"}],"about":[{"href":"https:\/\/adeleacademy.ch\/en\/wp-json\/wp\/v2\/types\/page"}],"author":[{"embeddable":true,"href":"https:\/\/adeleacademy.ch\/en\/wp-json\/wp\/v2\/users\/1"}],"replies":[{"embeddable":true,"href":"https:\/\/adeleacademy.ch\/en\/wp-json\/wp\/v2\/comments?post=31086"}],"version-history":[{"count":34,"href":"https:\/\/adeleacademy.ch\/en\/wp-json\/wp\/v2\/pages\/31086\/revisions"}],"predecessor-version":[{"id":31927,"href":"https:\/\/adeleacademy.ch\/en\/wp-json\/wp\/v2\/pages\/31086\/revisions\/31927"}],"wp:attachment":[{"href":"https:\/\/adeleacademy.ch\/en\/wp-json\/wp\/v2\/media?parent=31086"}],"curies":[{"name":"wp","href":"https:\/\/api.w.org\/{rel}","templated":true}]}}