{"id":30170,"date":"2022-05-05T10:44:05","date_gmt":"2022-05-05T08:44:05","guid":{"rendered":"https:\/\/adeleacademy.ch\/faq\/"},"modified":"2025-07-17T17:44:57","modified_gmt":"2025-07-17T15:44:57","slug":"faq","status":"publish","type":"page","link":"https:\/\/adeleacademy.ch\/en\/faq\/","title":{"rendered":"FAQ"},"content":{"rendered":"<p>[et_pb_section fb_built=\u00a0\u00bb1&Prime; admin_label=\u00a0\u00bbHero\u00a0\u00bb _builder_version=\u00a0\u00bb4.19.4&Prime; background_image=\u00a0\u00bbhttps:\/\/adeleacademy.ch\/wp-content\/uploads\/2022\/04\/worship-leader-louange-photo-formation-2.png\u00a0\u00bb parallax=\u00a0\u00bbon\u00a0\u00bb background_blend=\u00a0\u00bbscreen\u00a0\u00bb custom_margin=\u00a0\u00bb|||\u00a0\u00bb custom_padding=\u00a0\u00bb120px||300px|||\u00a0\u00bb bottom_divider_style=\u00a0\u00bbarrow\u00a0\u00bb bottom_divider_color=\u00a0\u00bb#f6f6f6&Prime; bottom_divider_flip=\u00a0\u00bbhorizontal\u00a0\u00bb animation_style=\u00a0\u00bbslide\u00a0\u00bb animation_direction=\u00a0\u00bbtop\u00a0\u00bb animation_duration=\u00a0\u00bb800ms\u00a0\u00bb animation_intensity_slide=\u00a0\u00bb5%\u00a0\u00bb animation_starting_opacity=\u00a0\u00bb100%\u00a0\u00bb global_colors_info=\u00a0\u00bb{}\u00a0\u00bb][et_pb_row _builder_version=\u00a0\u00bb4.17.0&Prime; background_size=\u00a0\u00bbinitial\u00a0\u00bb background_position=\u00a0\u00bbtop_left\u00a0\u00bb background_repeat=\u00a0\u00bbrepeat\u00a0\u00bb custom_padding=\u00a0\u00bb27px|0px|0px|0px\u00a0\u00bb global_colors_info=\u00a0\u00bb{}\u00a0\u00bb][et_pb_column type=\u00a0\u00bb4_4&Prime; _builder_version=\u00a0\u00bb4.16&Prime; custom_padding=\u00a0\u00bb|||\u00a0\u00bb global_colors_info=\u00a0\u00bb{}\u00a0\u00bb custom_padding__hover=\u00a0\u00bb|||\u00a0\u00bb][et_pb_image src=\u00a0\u00bbhttps:\/\/adeleacademy.ch\/wp-content\/uploads\/2022\/05\/Fichier-17.png\u00a0\u00bb title_text=\u00a0\u00bbFile 17&Prime; align=\u00a0\u00bbcenter\u00a0\u00bb _builder_version=\u00a0\u00bb4.17.0&Prime; _module_preset=\u00a0\u00bbdefault\u00a0\u00bb width=\u00a0\u00bb40%\u00a0\u00bb animation_style=\u00a0\u00bbfade\u00a0\u00bb animation_duration=\u00a0\u00bb2000ms\u00a0\u00bb global_colors_info=\u00a0\u00bb{}\u00a0\u00bb][\/et_pb_image][et_pb_text _builder_version=\u00a0\u00bb4.17.0&Prime; _module_preset=\u00a0\u00bbdefault\u00a0\u00bb global_colors_info=\u00a0\u00bb{}\u00a0\u00bb]<\/p>\n<h1 style=\"text-align: center;\"><span style=\"color: #f5f5f5;\"><strong>AN INNOVATIVE AND INSPIRING SCHOOL<\/strong><\/span><\/h1>\n<p>[\/et_pb_text][\/et_pb_column][\/et_pb_row][et_pb_row _builder_version=\u00a0\u00bb4.17.0&Prime; _module_preset=\u00a0\u00bbdefault\u00a0\u00bb custom_margin=\u00a0\u00bb-16px|auto||auto||\u00a0\u00bb global_colors_info=\u00a0\u00bb{}\u00a0\u00bb][et_pb_column type=\u00a0\u00bb4_4&Prime; _builder_version=\u00a0\u00bb4.17.0&Prime; _module_preset=\u00a0\u00bbdefault\u00a0\u00bb global_colors_info=\u00a0\u00bb{}\u00a0\u00bb][et_pb_text _builder_version=\u00a0\u00bb4.17.0&Prime; text_font=\u00a0\u00bbMontserrat|300|||||||\u00a0\u00bb text_font_size=\u00a0\u00bb20px\u00a0\u00bb text_line_height=\u00a0\u00bb1.8em\u00a0\u00bb background_layout=\u00a0\u00bbdark\u00a0\u00bb min_height=\u00a0\u00bb4px\u00a0\u00bb custom_margin=\u00a0\u00bb||0px|||\u00a0\u00bb animation_direction=\u00a0\u00bbleft\u00a0\u00bb global_colors_info=\u00a0\u00bb{}\u00a0\u00bb]<\/p>\n<p style=\"text-align: center;\"><strong>School affiliated with<\/strong><\/p>\n<p>[\/et_pb_text][et_pb_image src=\u00a0\u00bbhttps:\/\/adeleacademy.ch\/wp-content\/uploads\/2022\/04\/logo-ISTL.png\u00a0\u00bb title_text=\u00a0\u00bbISTL logo\u00a0\u00bb url=\u00a0\u00bbhttps:\/\/www.istl.net\/\u00a0\u00bb url_new_window=\u00a0\u00bbon\u00a0\u00bb align=\u00a0\u00bbcenter\u00a0\u00bb _builder_version=\u00a0\u00bb4.17.0&Prime; _module_preset=\u00a0\u00bbdefault\u00a0\u00bb width=\u00a0\u00bb25%\u00a0\u00bb max_width=\u00a0\u00bb40%\u00a0\u00bb custom_margin=\u00a0\u00bb||-5px|||\u00a0\u00bb global_colors_info=\u00a0\u00bb{}\u00a0\u00bb][\/et_pb_image][et_pb_text _builder_version=\u00a0\u00bb4.17.0&Prime; text_font=\u00a0\u00bbMontserrat|300|||||||\u00a0\u00bb text_font_size=\u00a0\u00bb20px\u00a0\u00bb text_line_height=\u00a0\u00bb1.8em\u00a0\u00bb background_layout=\u00a0\u00bbdark\u00a0\u00bb min_height=\u00a0\u00bb34px\u00a0\u00bb custom_margin=\u00a0\u00bb13px|||||\u00a0\u00bb animation_direction=\u00a0\u00bbleft\u00a0\u00bb global_colors_info=\u00a0\u00bb{}\u00a0\u00bb]<\/p>\n<h6 style=\"text-align: center;\"><em>International Seminary of Theology and Leadership in Zurich<\/em><\/h6>\n<p>[\/et_pb_text][\/et_pb_column][\/et_pb_row][\/et_pb_section][et_pb_section fb_built=\u00a0\u00bb1&Prime; admin_label=\u00a0\u00bbAbout\u00a0\u00bb _builder_version=\u00a0\u00bb4.27.4&Prime; background_color=\u00a0\u00bb#f6f6f6&Prime; min_height=\u00a0\u00bb1230px\u00a0\u00bb custom_padding=\u00a0\u00bb90px||0px|||\u00a0\u00bb bottom_divider_style=\u00a0\u00bbarrow\u00a0\u00bb bottom_divider_color=\u00a0\u00bb#38597e\u00a0\u00bb global_colors_info=\u00a0\u00bb{}\u00a0\u00bb][et_pb_row module_id=\u00a0\u00bbbachelor\u00a0\u00bb _builder_version=\u00a0\u00bb4.17.0&Prime; custom_margin=\u00a0\u00bb-40px|auto||auto||\u00a0\u00bb custom_padding=\u00a0\u00bb||11px|||\u00a0\u00bb global_colors_info=\u00a0\u00bb{}\u00a0\u00bb][et_pb_column type=\u00a0\u00bb4_4&Prime; _builder_version=\u00a0\u00bb4.17.0&Prime; custom_padding=\u00a0\u00bb|||\u00a0\u00bb global_colors_info=\u00a0\u00bb{}\u00a0\u00bb custom_padding__hover=\u00a0\u00bb|||\u00a0\u00bb][et_pb_accordion _builder_version=\u00a0\u00bb4.27.4&Prime; _module_preset=\u00a0\u00bbdefault\u00a0\u00bb hover_enabled=\u00a0\u00bb0&Prime; global_colors_info=\u00a0\u00bb{}\u00a0\u00bb sticky_enabled=\u00a0\u00bb0&Prime;][et_pb_accordion_item title=\u00a0\u00bbWhat makes Ad\u00e9l\u00e9A Acad\u00e9my different from other theological training courses?\u00a0\u00bb open=\u00a0\u00bbon\u00a0\u00bb _builder_version=\u00a0\u00bb4.27.4&Prime; _module_preset=\u00a0\u00bbdefault\u00a0\u00bb hover_enabled=\u00a0\u00bb0&Prime; global_colors_info=\u00a0\u00bb{}\u00a0\u00bb sticky_enabled=\u00a0\u00bb0&Prime;]<\/p>\n<p><span style=\"font-weight: 400;\">Adela wants to shake up the codes and put the spirit of service into practice within its leadership and music training.<\/span><\/p>\n<p><span style=\"font-weight: 400;\">The Academy aims to test theological concepts, but above all to practice and follow the initial vision of forming worshippers.<\/span><\/p>\n<p>[\/et_pb_accordion_item][et_pb_accordion_item title=\u00a0\u00bbIs it possible to take correspondence courses?\u00a0\u00bb _builder_version=\u00a0\u00bb4.27.4&Prime; _module_preset=\u00a0\u00bbdefault\u00a0\u00bb hover_enabled=\u00a0\u00bb0&Prime; global_colors_info=\u00a0\u00bb{}\u00a0\u00bb open=\u00a0\u00bboff\u00a0\u00bb sticky_enabled=\u00a0\u00bb0&Prime;]<\/p>\n<p><span style=\"font-weight: 400;\">As Ad\u00e9l\u00e9a&rsquo;s training courses are community-based and practical, we do not offer distance learning courses.<\/span><\/p>\n<p>[\/et_pb_accordion_item][et_pb_accordion_item title=\u00a0\u00bbHow do I register?\u00a0\u00bb _builder_version=\u00a0\u00bb4.27.4&Prime; _module_preset=\u00a0\u00bbdefault\u00a0\u00bb hover_enabled=\u00a0\u00bb0&Prime; global_colors_info=\u00a0\u00bb{}\u00a0\u00bb open=\u00a0\u00bboff\u00a0\u00bb sticky_enabled=\u00a0\u00bb0&Prime;]<\/p>\n<ul>\n<li style=\"font-weight: 400;\" aria-level=\"1\"><span style=\"font-weight: 400;\">You can download the <a href=\"https:\/\/adeleacademy.ch\/wp-content\/uploads\/2022\/11\/Protocole-Inscription-Adelea-Academy.pdf\" rel=\"attachment wp-att-30285\">Adelea Academy Registration Protocol<\/a><\/span><\/li>\n<li style=\"font-weight: 400;\" aria-level=\"1\"><span style=\"font-weight: 400;\">Send an email to: <strong>contact@adeleacademy.ch<\/strong><\/span><\/li>\n<\/ul>\n<p>[\/et_pb_accordion_item][et_pb_accordion_item title=\u00a0\u00bbIs it possible to attend classes as an auditor?\u00a0\u00bb _builder_version=\u00a0\u00bb4.27.4&Prime; _module_preset=\u00a0\u00bbdefault\u00a0\u00bb hover_enabled=\u00a0\u00bb0&Prime; global_colors_info=\u00a0\u00bb{}\u00a0\u00bb open=\u00a0\u00bboff\u00a0\u00bb sticky_enabled=\u00a0\u00bb0&Prime;]<\/p>\n<p><span style=\"font-weight: 400;\">Yes, it is possible to sign up for \u00e0 <a href=\"\/alacarte\">la<\/a> carte modules.<\/span><\/p>\n<p>[\/et_pb_accordion_item][et_pb_accordion_item title=\u00a0\u00bbIs it possible to obtain financial assistance?\u00a0\u00bb _builder_version=\u00a0\u00bb4.27.4&Prime; _module_preset=\u00a0\u00bbdefault\u00a0\u00bb hover_enabled=\u00a0\u00bb0&Prime; global_colors_info=\u00a0\u00bb{}\u00a0\u00bb open=\u00a0\u00bboff\u00a0\u00bb sticky_enabled=\u00a0\u00bb0&Prime;]<\/p>\n<p><span style=\"font-weight: 400;\">We encourage you to ask your local church to contribute up to half of the tuition.<\/span><\/p>\n<p>[\/et_pb_accordion_item][et_pb_accordion_item title=\u00a0\u00bbWhat are the admission requirements for applicants?\u00a0\u00bb _builder_version=\u00a0\u00bb4.27.4&Prime; _module_preset=\u00a0\u00bbdefault\u00a0\u00bb hover_enabled=\u00a0\u00bb0&Prime; global_colors_info=\u00a0\u00bb{}\u00a0\u00bb open=\u00a0\u00bboff\u00a0\u00bb sticky_enabled=\u00a0\u00bb0&Prime;]<\/p>\n<p><span style=\"font-weight: 400;\">To sign up for the BA at Ministries:<\/span><\/p>\n<ul>\n<li><span style=\"font-weight: 400;\">You have a basic education of twelve years (e.g. a CFC vocational apprenticeship or a Maturit\u00e9 or equivalent).<\/span><\/li>\n<li><span style=\"font-weight: 400;\">You are involved in a church or Christian organization and a spiritual authority supports your decision to pursue theological education.<\/span><\/li>\n<li><span style=\"font-weight: 400;\">You&rsquo;re eager to learn, a team player, resilient and disciplined.<\/span><\/li>\n<\/ul>\n<p>[\/et_pb_accordion_item][et_pb_accordion_item title=\u00a0\u00bbIs it possible for foreigners to attend Ad\u00e9l\u00e9a Academy courses?\u00a0\u00bb _builder_version=\u00a0\u00bb4.27.4&Prime; _module_preset=\u00a0\u00bbdefault\u00a0\u00bb hover_enabled=\u00a0\u00bb0&Prime; global_colors_info=\u00a0\u00bb{}\u00a0\u00bb open=\u00a0\u00bboff\u00a0\u00bb sticky_enabled=\u00a0\u00bb0&Prime;]<\/p>\n<p><span style=\"font-weight: 400;\">Yes, as long as the applicant meets the Swiss Confederation&rsquo;s requirements for residence in Switzerland.<\/span><\/p>\n<ul>\n<li style=\"font-weight: 400;\" aria-level=\"1\"><b>For applicants from a country that has signed the Agreement on the Free Movement of Persons<\/b><span style=\"font-weight: 400;\">No visa is required. However, in order to receive a residence permit for the duration of their studies, they must guarantee sufficient financial means to avoid having to rely on social assistance in the host country, and have health insurance covering all risks.<\/span><\/li>\n<li style=\"font-weight: 400;\" aria-level=\"1\"><span style=\"font-weight: 400;\">Residence for studies is regulated in accordance with article 24 of Annex 1 of the Agreement of 21 June 1999 on the free movement of persons (<\/span><a href=\"http:\/\/www.admin.ch\/ch\/f\/rs\/c0_142_112_681.html\"><br \/>\n  <span style=\"font-weight: 400;\">ALCP<\/span><br \/>\n<\/a><span style=\"font-weight: 400;\">).<\/span><\/li>\n<li style=\"font-weight: 400;\" aria-level=\"1\"><span style=\"font-weight: 400;\">Countries that have signed the Agreement on the Free Movement of Persons:<\/span>\n<ul>\n<li style=\"font-weight: 400;\" aria-level=\"1\"><span style=\"font-weight: 400;\">EFTA: Iceland, Liechtenstein, Norway, Switzerland.<\/span><\/li>\n<li style=\"font-weight: 400;\" aria-level=\"1\"><span style=\"font-weight: 400;\">EU: Austria, Belgium, Bulgaria, Croatia, Cyprus, Czech Republic, Denmark, Estonia, Finland, France, Germany, Greece, Hungary, Ireland, Italy, Latvia, Lithuania, Luxembourg, Malta, Netherlands, Poland, Portugal, Romania, Slovakia, Slovenia, Spain, Sweden, United Kingdom.<\/span><\/li>\n<\/ul>\n<\/li>\n<\/ul>\n<p>[\/et_pb_accordion_item][et_pb_accordion_item title=\u00a0\u00bbWhat are the specific requirements for students from third countries that have not signed the Agreement on the Free Movement of Persons?\u00a0\u00bb _builder_version=\u00a0\u00bb4.27.4&Prime; _module_preset=\u00a0\u00bbdefault\u00a0\u00bb hover_enabled=\u00a0\u00bb0&Prime; global_colors_info=\u00a0\u00bb{}\u00a0\u00bb open=\u00a0\u00bboff\u00a0\u00bb sticky_enabled=\u00a0\u00bb0&Prime;]<\/p>\n<p><span style=\"font-weight: 400;\">Our political authorities require that applicants from third countries <\/span><a href=\"http:\/\/www.vd.ch\/themes\/population\/population-etrangere\/entree-et-sejour\/etats-tiers\/sejour-pour-etudes\"><br \/>\n  <span style=\"font-weight: 400;\">the following conditions<\/span><br \/>\n<\/a><span style=\"font-weight: 400;\">.<\/span><\/p>\n<p><span style=\"font-weight: 400;\">The Swiss Confederation considers that the total cost of an academic year includes:<\/span><\/p>\n<ul>\n<li style=\"font-weight: 400;\" aria-level=\"1\"><span style=\"font-weight: 400;\">school fees<\/span><\/li>\n<li style=\"font-weight: 400;\" aria-level=\"1\"><span style=\"font-weight: 400;\">rents<\/span><\/li>\n<li style=\"font-weight: 400;\" aria-level=\"1\"><span style=\"font-weight: 400;\">residence permits<\/span><\/li>\n<li style=\"font-weight: 400;\" aria-level=\"1\"><span style=\"font-weight: 400;\">insurance coverage (mandatory)<\/span><\/li>\n<li style=\"font-weight: 400;\" aria-level=\"1\"><span style=\"font-weight: 400;\">the food<\/span><\/li>\n<li style=\"font-weight: 400;\" aria-level=\"1\"><span style=\"font-weight: 400;\">clothing<\/span><\/li>\n<li style=\"font-weight: 400;\" aria-level=\"1\"><span style=\"font-weight: 400;\">and everything else needed for training.<\/span><\/li>\n<\/ul>\n<p><span style=\"font-weight: 400;\">This represents at least the sum of about 25&rsquo;000 Swiss Francs (CHF) per year by living in a very simple and economical way. This is an estimated budget.  <\/span><span style=\"font-weight: 400;\">If this amount cannot be paid in advance, no certificate can be issued and consequently no VISA either.<\/span><\/p>\n<p><span style=\"font-weight: 400;\">You should first contact the Swiss representation in your country (embassy, consulate), to find out about the various requirements for obtaining a student visa.<\/span><\/p>\n<p>[\/et_pb_accordion_item][et_pb_accordion_item title=\u00a0\u00bbCan I stay on campus?\u00a0\u00bb _builder_version=\u00a0\u00bb4.27.4&Prime; _module_preset=\u00a0\u00bbdefault\u00a0\u00bb hover_enabled=\u00a0\u00bb0&Prime; global_colors_info=\u00a0\u00bb{}\u00a0\u00bb open=\u00a0\u00bboff\u00a0\u00bb sticky_enabled=\u00a0\u00bb0&Prime;]<\/p>\n<p><span style=\"font-weight: 400;\">Ad\u00e9l\u00e9a Academy works in partnership with the Lumen Home association to offer you housing solutions. Thank you for contacting us if you have any questions.  <\/span><\/p>\n<p>[\/et_pb_accordion_item][et_pb_accordion_item title=\u00a0\u00bbCan I take the course while working part-time?\u00a0\u00bb _builder_version=\u00a0\u00bb4.27.4&Prime; _module_preset=\u00a0\u00bbdefault\u00a0\u00bb hover_enabled=\u00a0\u00bb0&Prime; global_colors_info=\u00a0\u00bb{}\u00a0\u00bb open=\u00a0\u00bboff\u00a0\u00bb sticky_enabled=\u00a0\u00bb0&Prime;]<\/p>\n<p><span style=\"font-weight: 400;\">We find it difficult to combine full-time training with part-time work.<\/span><\/p>\n<p>[\/et_pb_accordion_item][et_pb_accordion_item title=\u00a0\u00bbWhat is an ECTS credit?\u00a0\u00bb _builder_version=\u00a0\u00bb4.27.4&Prime; _module_preset=\u00a0\u00bbdefault\u00a0\u00bb hover_enabled=\u00a0\u00bb0&Prime; global_colors_info=\u00a0\u00bb{}\u00a0\u00bb open=\u00a0\u00bboff\u00a0\u00bb sticky_enabled=\u00a0\u00bb0&Prime;]<\/p>\n<p><span style=\"font-weight: 400;\">ECTS is the acronym for \u00ab\u00a0European Credit Transfer System\u00a0\u00bb, in French \u00ab\u00a0Syst\u00e8me europ\u00e9en de transfert et d&rsquo;accumulation de cr\u00e9dits\u00a0\u00bb. This is a points system developed by the European Union to make it easier to read and compare the curricula of different European countries.<\/span><\/p>\n<p><span style=\"font-weight: 400;\">One ECTS credit represents between 25 and 30 hours of work, including study time.<\/span><\/p>\n<p>[\/et_pb_accordion_item][\/et_pb_accordion][\/et_pb_column][\/et_pb_row][\/et_pb_section]<\/p>\n","protected":false},"excerpt":{"rendered":"<p>AN INNOVATIVE AND INSPIRING SCHOOLSchool affiliated withInternational Seminary of Theology and Leadership in ZurichAdela wants to shake up the codes and put the spirit of service into practice within its leadership and music training. The Academy aims to test theological concepts, but above all to practice and follow the initial vision of forming worshippers.As Ad\u00e9l\u00e9a&rsquo;s [&hellip;]<\/p>\n","protected":false},"author":3,"featured_media":0,"parent":0,"menu_order":0,"comment_status":"closed","ping_status":"closed","template":"","meta":{"_et_pb_use_builder":"on","_et_pb_old_content":"","_et_gb_content_width":"","footnotes":""},"class_list":["post-30170","page","type-page","status-publish","hentry"],"yoast_head":"<!-- This site is optimized with the Yoast SEO plugin v27.6 - https:\/\/yoast.com\/product\/yoast-seo-wordpress\/ -->\n<title>FAQ - Adelea Academy<\/title>\n<meta name=\"robots\" content=\"index, follow, max-snippet:-1, max-image-preview:large, max-video-preview:-1\" \/>\n<link rel=\"canonical\" href=\"https:\/\/adeleacademy.ch\/en\/faq\/\" \/>\n<meta property=\"og:locale\" content=\"en_GB\" \/>\n<meta property=\"og:type\" content=\"article\" \/>\n<meta property=\"og:title\" content=\"FAQ - Adelea Academy\" \/>\n<meta property=\"og:description\" content=\"AN INNOVATIVE AND INSPIRING SCHOOLSchool affiliated withInternational Seminary of Theology and Leadership in ZurichAdela wants to shake up the codes and put the spirit of service into practice within its leadership and music training. The Academy aims to test theological concepts, but above all to practice and follow the initial vision of forming worshippers.As Ad\u00e9l\u00e9a&#039;s [&hellip;]\" \/>\n<meta property=\"og:url\" content=\"https:\/\/adeleacademy.ch\/en\/faq\/\" \/>\n<meta property=\"og:site_name\" content=\"Adelea Academy\" \/>\n<meta property=\"article:publisher\" content=\"https:\/\/www.facebook.com\/adeleaacademy\" \/>\n<meta property=\"article:modified_time\" content=\"2025-07-17T15:44:57+00:00\" \/>\n<meta name=\"twitter:card\" content=\"summary_large_image\" \/>\n<meta name=\"twitter:label1\" content=\"Estimated reading time\" \/>\n\t<meta name=\"twitter:data1\" content=\"6 minutes\" \/>\n<script type=\"application\/ld+json\" class=\"yoast-schema-graph\">{\"@context\":\"https:\\\/\\\/schema.org\",\"@graph\":[{\"@type\":\"WebPage\",\"@id\":\"https:\\\/\\\/adeleacademy.ch\\\/en\\\/faq\\\/\",\"url\":\"https:\\\/\\\/adeleacademy.ch\\\/en\\\/faq\\\/\",\"name\":\"FAQ - Adelea Academy\",\"isPartOf\":{\"@id\":\"https:\\\/\\\/adeleacademy.ch\\\/#website\"},\"datePublished\":\"2022-05-05T08:44:05+00:00\",\"dateModified\":\"2025-07-17T15:44:57+00:00\",\"breadcrumb\":{\"@id\":\"https:\\\/\\\/adeleacademy.ch\\\/en\\\/faq\\\/#breadcrumb\"},\"inLanguage\":\"en-GB\",\"potentialAction\":[{\"@type\":\"ReadAction\",\"target\":[\"https:\\\/\\\/adeleacademy.ch\\\/en\\\/faq\\\/\"]}]},{\"@type\":\"BreadcrumbList\",\"@id\":\"https:\\\/\\\/adeleacademy.ch\\\/en\\\/faq\\\/#breadcrumb\",\"itemListElement\":[{\"@type\":\"ListItem\",\"position\":1,\"name\":\"Accueil\",\"item\":\"https:\\\/\\\/adeleacademy.ch\\\/\"},{\"@type\":\"ListItem\",\"position\":2,\"name\":\"FAQ\"}]},{\"@type\":\"WebSite\",\"@id\":\"https:\\\/\\\/adeleacademy.ch\\\/#website\",\"url\":\"https:\\\/\\\/adeleacademy.ch\\\/\",\"name\":\"Adelea Academy\",\"description\":\"UNE \u00c9COLE INNOVANTE ET INSPIRANTE\",\"publisher\":{\"@id\":\"https:\\\/\\\/adeleacademy.ch\\\/#organization\"},\"potentialAction\":[{\"@type\":\"SearchAction\",\"target\":{\"@type\":\"EntryPoint\",\"urlTemplate\":\"https:\\\/\\\/adeleacademy.ch\\\/?s={search_term_string}\"},\"query-input\":{\"@type\":\"PropertyValueSpecification\",\"valueRequired\":true,\"valueName\":\"search_term_string\"}}],\"inLanguage\":\"en-GB\"},{\"@type\":\"Organization\",\"@id\":\"https:\\\/\\\/adeleacademy.ch\\\/#organization\",\"name\":\"Ad\u00e9l\u00e9A Acad\u00e9my\",\"url\":\"https:\\\/\\\/adeleacademy.ch\\\/\",\"logo\":{\"@type\":\"ImageObject\",\"inLanguage\":\"en-GB\",\"@id\":\"https:\\\/\\\/adeleacademy.ch\\\/#\\\/schema\\\/logo\\\/image\\\/\",\"url\":\"https:\\\/\\\/adeleacademy.ch\\\/wp-content\\\/uploads\\\/2022\\\/05\\\/LOGO-PORTRAIT-2-BLEUROUGE.png\",\"contentUrl\":\"https:\\\/\\\/adeleacademy.ch\\\/wp-content\\\/uploads\\\/2022\\\/05\\\/LOGO-PORTRAIT-2-BLEUROUGE.png\",\"width\":2949,\"height\":3136,\"caption\":\"Ad\u00e9l\u00e9A Acad\u00e9my\"},\"image\":{\"@id\":\"https:\\\/\\\/adeleacademy.ch\\\/#\\\/schema\\\/logo\\\/image\\\/\"},\"sameAs\":[\"https:\\\/\\\/www.facebook.com\\\/adeleaacademy\",\"https:\\\/\\\/www.instagram.com\\\/adelea_academy\\\/\"]}]}<\/script>\n<!-- \/ Yoast SEO plugin. -->","yoast_head_json":{"title":"FAQ - Adelea Academy","robots":{"index":"index","follow":"follow","max-snippet":"max-snippet:-1","max-image-preview":"max-image-preview:large","max-video-preview":"max-video-preview:-1"},"canonical":"https:\/\/adeleacademy.ch\/en\/faq\/","og_locale":"en_GB","og_type":"article","og_title":"FAQ - Adelea Academy","og_description":"AN INNOVATIVE AND INSPIRING SCHOOLSchool affiliated withInternational Seminary of Theology and Leadership in ZurichAdela wants to shake up the codes and put the spirit of service into practice within its leadership and music training. The Academy aims to test theological concepts, but above all to practice and follow the initial vision of forming worshippers.As Ad\u00e9l\u00e9a's [&hellip;]","og_url":"https:\/\/adeleacademy.ch\/en\/faq\/","og_site_name":"Adelea Academy","article_publisher":"https:\/\/www.facebook.com\/adeleaacademy","article_modified_time":"2025-07-17T15:44:57+00:00","twitter_card":"summary_large_image","twitter_misc":{"Estimated reading time":"6 minutes"},"schema":{"@context":"https:\/\/schema.org","@graph":[{"@type":"WebPage","@id":"https:\/\/adeleacademy.ch\/en\/faq\/","url":"https:\/\/adeleacademy.ch\/en\/faq\/","name":"FAQ - Adelea Academy","isPartOf":{"@id":"https:\/\/adeleacademy.ch\/#website"},"datePublished":"2022-05-05T08:44:05+00:00","dateModified":"2025-07-17T15:44:57+00:00","breadcrumb":{"@id":"https:\/\/adeleacademy.ch\/en\/faq\/#breadcrumb"},"inLanguage":"en-GB","potentialAction":[{"@type":"ReadAction","target":["https:\/\/adeleacademy.ch\/en\/faq\/"]}]},{"@type":"BreadcrumbList","@id":"https:\/\/adeleacademy.ch\/en\/faq\/#breadcrumb","itemListElement":[{"@type":"ListItem","position":1,"name":"Accueil","item":"https:\/\/adeleacademy.ch\/"},{"@type":"ListItem","position":2,"name":"FAQ"}]},{"@type":"WebSite","@id":"https:\/\/adeleacademy.ch\/#website","url":"https:\/\/adeleacademy.ch\/","name":"Adelea Academy","description":"UNE \u00c9COLE INNOVANTE ET INSPIRANTE","publisher":{"@id":"https:\/\/adeleacademy.ch\/#organization"},"potentialAction":[{"@type":"SearchAction","target":{"@type":"EntryPoint","urlTemplate":"https:\/\/adeleacademy.ch\/?s={search_term_string}"},"query-input":{"@type":"PropertyValueSpecification","valueRequired":true,"valueName":"search_term_string"}}],"inLanguage":"en-GB"},{"@type":"Organization","@id":"https:\/\/adeleacademy.ch\/#organization","name":"Ad\u00e9l\u00e9A Acad\u00e9my","url":"https:\/\/adeleacademy.ch\/","logo":{"@type":"ImageObject","inLanguage":"en-GB","@id":"https:\/\/adeleacademy.ch\/#\/schema\/logo\/image\/","url":"https:\/\/adeleacademy.ch\/wp-content\/uploads\/2022\/05\/LOGO-PORTRAIT-2-BLEUROUGE.png","contentUrl":"https:\/\/adeleacademy.ch\/wp-content\/uploads\/2022\/05\/LOGO-PORTRAIT-2-BLEUROUGE.png","width":2949,"height":3136,"caption":"Ad\u00e9l\u00e9A Acad\u00e9my"},"image":{"@id":"https:\/\/adeleacademy.ch\/#\/schema\/logo\/image\/"},"sameAs":["https:\/\/www.facebook.com\/adeleaacademy","https:\/\/www.instagram.com\/adelea_academy\/"]}]}},"_links":{"self":[{"href":"https:\/\/adeleacademy.ch\/en\/wp-json\/wp\/v2\/pages\/30170","targetHints":{"allow":["GET"]}}],"collection":[{"href":"https:\/\/adeleacademy.ch\/en\/wp-json\/wp\/v2\/pages"}],"about":[{"href":"https:\/\/adeleacademy.ch\/en\/wp-json\/wp\/v2\/types\/page"}],"author":[{"embeddable":true,"href":"https:\/\/adeleacademy.ch\/en\/wp-json\/wp\/v2\/users\/3"}],"replies":[{"embeddable":true,"href":"https:\/\/adeleacademy.ch\/en\/wp-json\/wp\/v2\/comments?post=30170"}],"version-history":[{"count":20,"href":"https:\/\/adeleacademy.ch\/en\/wp-json\/wp\/v2\/pages\/30170\/revisions"}],"predecessor-version":[{"id":31789,"href":"https:\/\/adeleacademy.ch\/en\/wp-json\/wp\/v2\/pages\/30170\/revisions\/31789"}],"wp:attachment":[{"href":"https:\/\/adeleacademy.ch\/en\/wp-json\/wp\/v2\/media?parent=30170"}],"curies":[{"name":"wp","href":"https:\/\/api.w.org\/{rel}","templated":true}]}}