{"id":29247,"date":"2022-05-05T10:44:05","date_gmt":"2022-05-05T08:44:05","guid":{"rendered":"https:\/\/adeleacademy.ch\/?page_id=29247"},"modified":"2026-03-09T11:34:52","modified_gmt":"2026-03-09T10:34:52","slug":"29247-2","status":"publish","type":"page","link":"https:\/\/adeleacademy.ch\/en\/29247-2\/","title":{"rendered":"FAQ"},"content":{"rendered":"<p>[et_pb_section fb_built=\u00a0\u00bb1&Prime; admin_label=\u00a0\u00bbHero\u00a0\u00bb _builder_version=\u00a0\u00bb4.19.4&Prime; background_image=\u00a0\u00bbhttps:\/\/adeleacademy.ch\/wp-content\/uploads\/2022\/04\/worship-leader-louange-photo-formation-2.png\u00a0\u00bb parallax=\u00a0\u00bbon\u00a0\u00bb background_blend=\u00a0\u00bbscreen\u00a0\u00bb custom_margin=\u00a0\u00bb|||\u00a0\u00bb custom_padding=\u00a0\u00bb120px||300px|||\u00a0\u00bb bottom_divider_style=\u00a0\u00bbarrow\u00a0\u00bb bottom_divider_color=\u00a0\u00bb#f6f6f6&Prime; bottom_divider_flip=\u00a0\u00bbhorizontal\u00a0\u00bb animation_style=\u00a0\u00bbslide\u00a0\u00bb animation_direction=\u00a0\u00bbtop\u00a0\u00bb animation_duration=\u00a0\u00bb800ms\u00a0\u00bb animation_intensity_slide=\u00a0\u00bb5%\u00a0\u00bb animation_starting_opacity=\u00a0\u00bb100%\u00a0\u00bb global_colors_info=\u00a0\u00bb{}\u00a0\u00bb][et_pb_row _builder_version=\u00a0\u00bb4.17.0&Prime; background_size=\u00a0\u00bbinitial\u00a0\u00bb background_position=\u00a0\u00bbtop_left\u00a0\u00bb background_repeat=\u00a0\u00bbrepeat\u00a0\u00bb custom_padding=\u00a0\u00bb27px|0px|0px|0px\u00a0\u00bb global_colors_info=\u00a0\u00bb{}\u00a0\u00bb][et_pb_column type=\u00a0\u00bb4_4&Prime; _builder_version=\u00a0\u00bb4.16&Prime; custom_padding=\u00a0\u00bb|||\u00a0\u00bb global_colors_info=\u00a0\u00bb{}\u00a0\u00bb custom_padding__hover=\u00a0\u00bb|||\u00a0\u00bb][et_pb_image src=\u00a0\u00bbhttps:\/\/adeleacademy.ch\/wp-content\/uploads\/2022\/05\/Fichier-17.png\u00a0\u00bb title_text=\u00a0\u00bbFichier 17&Prime; align=\u00a0\u00bbcenter\u00a0\u00bb _builder_version=\u00a0\u00bb4.17.0&Prime; _module_preset=\u00a0\u00bbdefault\u00a0\u00bb width=\u00a0\u00bb40%\u00a0\u00bb animation_style=\u00a0\u00bbfade\u00a0\u00bb animation_duration=\u00a0\u00bb2000ms\u00a0\u00bb global_colors_info=\u00a0\u00bb{}\u00a0\u00bb][\/et_pb_image][et_pb_text _builder_version=\u00a0\u00bb4.17.0&Prime; _module_preset=\u00a0\u00bbdefault\u00a0\u00bb global_colors_info=\u00a0\u00bb{}\u00a0\u00bb]<\/p>\n<h1 style=\"text-align: center;\"><span style=\"color: #f5f5f5;\"><strong>UNE \u00c9COLE INNOVANTE ET INSPIRANTE<\/strong><\/span><\/h1>\n<p>[\/et_pb_text][\/et_pb_column][\/et_pb_row][et_pb_row _builder_version=\u00a0\u00bb4.17.0&Prime; _module_preset=\u00a0\u00bbdefault\u00a0\u00bb custom_margin=\u00a0\u00bb-16px|auto||auto||\u00a0\u00bb global_colors_info=\u00a0\u00bb{}\u00a0\u00bb][et_pb_column type=\u00a0\u00bb4_4&Prime; _builder_version=\u00a0\u00bb4.17.0&Prime; _module_preset=\u00a0\u00bbdefault\u00a0\u00bb global_colors_info=\u00a0\u00bb{}\u00a0\u00bb][et_pb_text _builder_version=\u00a0\u00bb4.17.0&Prime; text_font=\u00a0\u00bbMontserrat|300|||||||\u00a0\u00bb text_font_size=\u00a0\u00bb20px\u00a0\u00bb text_line_height=\u00a0\u00bb1.8em\u00a0\u00bb background_layout=\u00a0\u00bbdark\u00a0\u00bb min_height=\u00a0\u00bb4px\u00a0\u00bb custom_margin=\u00a0\u00bb||0px|||\u00a0\u00bb animation_direction=\u00a0\u00bbleft\u00a0\u00bb global_colors_info=\u00a0\u00bb{}\u00a0\u00bb]<\/p>\n<p style=\"text-align: center;\"><strong>\u00c9cole affili\u00e9e \u00e0<\/strong><\/p>\n<p>[\/et_pb_text][et_pb_image src=\u00a0\u00bbhttps:\/\/adeleacademy.ch\/wp-content\/uploads\/2022\/04\/logo-ISTL.png\u00a0\u00bb title_text=\u00a0\u00bblogo ISTL\u00a0\u00bb url=\u00a0\u00bbhttps:\/\/www.istl.net\/\u00a0\u00bb url_new_window=\u00a0\u00bbon\u00a0\u00bb align=\u00a0\u00bbcenter\u00a0\u00bb _builder_version=\u00a0\u00bb4.17.0&Prime; _module_preset=\u00a0\u00bbdefault\u00a0\u00bb width=\u00a0\u00bb25%\u00a0\u00bb max_width=\u00a0\u00bb40%\u00a0\u00bb custom_margin=\u00a0\u00bb||-5px|||\u00a0\u00bb global_colors_info=\u00a0\u00bb{}\u00a0\u00bb][\/et_pb_image][et_pb_text _builder_version=\u00a0\u00bb4.17.0&Prime; text_font=\u00a0\u00bbMontserrat|300|||||||\u00a0\u00bb text_font_size=\u00a0\u00bb20px\u00a0\u00bb text_line_height=\u00a0\u00bb1.8em\u00a0\u00bb background_layout=\u00a0\u00bbdark\u00a0\u00bb min_height=\u00a0\u00bb34px\u00a0\u00bb custom_margin=\u00a0\u00bb13px|||||\u00a0\u00bb animation_direction=\u00a0\u00bbleft\u00a0\u00bb global_colors_info=\u00a0\u00bb{}\u00a0\u00bb]<\/p>\n<h6 style=\"text-align: center;\"><em>International Seminary of Theology and Leadership de Z\u00fcrich<\/em><\/h6>\n<p>[\/et_pb_text][\/et_pb_column][\/et_pb_row][\/et_pb_section][et_pb_section fb_built=\u00a0\u00bb1&Prime; admin_label=\u00a0\u00bbAbout\u00a0\u00bb _builder_version=\u00a0\u00bb4.27.4&Prime; background_color=\u00a0\u00bb#f6f6f6&Prime; min_height=\u00a0\u00bb1230px\u00a0\u00bb custom_padding=\u00a0\u00bb90px||0px|||\u00a0\u00bb bottom_divider_style=\u00a0\u00bbarrow\u00a0\u00bb bottom_divider_color=\u00a0\u00bb#38597e\u00a0\u00bb global_colors_info=\u00a0\u00bb{}\u00a0\u00bb][et_pb_row module_id=\u00a0\u00bbbachelor\u00a0\u00bb _builder_version=\u00a0\u00bb4.17.0&Prime; custom_margin=\u00a0\u00bb-40px|auto||auto||\u00a0\u00bb custom_padding=\u00a0\u00bb||11px|||\u00a0\u00bb global_colors_info=\u00a0\u00bb{}\u00a0\u00bb][et_pb_column type=\u00a0\u00bb4_4&Prime; _builder_version=\u00a0\u00bb4.17.0&Prime; custom_padding=\u00a0\u00bb|||\u00a0\u00bb global_colors_info=\u00a0\u00bb{}\u00a0\u00bb custom_padding__hover=\u00a0\u00bb|||\u00a0\u00bb][et_pb_accordion _builder_version=\u00a0\u00bb4.27.5&Prime; _module_preset=\u00a0\u00bbdefault\u00a0\u00bb hover_enabled=\u00a0\u00bb0&Prime; global_colors_info=\u00a0\u00bb{}\u00a0\u00bb sticky_enabled=\u00a0\u00bb0&Prime;][et_pb_accordion_item title=\u00a0\u00bbQuelle est la sp\u00e9cificit\u00e9 d\u2019Ad\u00e9l\u00e9A Acad\u00e9my par rapport aux autres formations th\u00e9ologiques ?\u00a0\u00bb open=\u00a0\u00bbon\u00a0\u00bb _builder_version=\u00a0\u00bb4.27.4&Prime; _module_preset=\u00a0\u00bbdefault\u00a0\u00bb global_colors_info=\u00a0\u00bb{}\u00a0\u00bb]<\/p>\n<p><span style=\"font-weight: 400;\">Ad\u00e9l\u00e9a veut bousculer les codes et mettre en pratique l\u2019esprit de service au sein de ses formations de leadership et de musique.<\/span><\/p>\n<p><span style=\"font-weight: 400;\">L\u2019Acad\u00e9mie veut \u00e9prouver les concepts th\u00e9ologiques, mais surtout exercer et suivre\u00a0 la vision initial de former des adorateurs.<\/span><\/p>\n<p>[\/et_pb_accordion_item][et_pb_accordion_item title=\u00a0\u00bbEst-il possible de suivre des cours par correspondance ?\u00a0\u00bb _builder_version=\u00a0\u00bb4.27.4&Prime; _module_preset=\u00a0\u00bbdefault\u00a0\u00bb global_colors_info=\u00a0\u00bb{}\u00a0\u00bb open=\u00a0\u00bboff\u00a0\u00bb]<\/p>\n<p><span style=\"font-weight: 400;\">Ad\u00e9l\u00e9a ayant une vision communautaire et pratique dans ses formations, aucun cours \u00e0 distance n&rsquo;est propos\u00e9.<\/span><\/p>\n<p>[\/et_pb_accordion_item][et_pb_accordion_item title=\u00a0\u00bbComment puis-je m&rsquo;inscrire ?\u00a0\u00bb _builder_version=\u00a0\u00bb4.27.4&Prime; _module_preset=\u00a0\u00bbdefault\u00a0\u00bb global_colors_info=\u00a0\u00bb{}\u00a0\u00bb open=\u00a0\u00bboff\u00a0\u00bb]<\/p>\n<ul>\n<li style=\"font-weight: 400;\" aria-level=\"1\"><span style=\"font-weight: 400;\">Tu peux t\u00e9l\u00e9charger le <a href=\"https:\/\/adeleacademy.ch\/wp-content\/uploads\/2022\/11\/Protocole-Inscription-Adelea-Academy.pdf\" rel=\"attachment wp-att-30285\">Protocole Inscription Adelea Academy<\/a><\/span><\/li>\n<li style=\"font-weight: 400;\" aria-level=\"1\"><span style=\"font-weight: 400;\">Envoie un email \u00e0 : <strong>contact@adeleacademy.ch<\/strong><\/span><\/li>\n<\/ul>\n<p>[\/et_pb_accordion_item][et_pb_accordion_item title=\u00a0\u00bbEst-il possible d\u2019assister \u00e0 des cours en tant qu\u2019auditeur libre ?\u00a0\u00bb _builder_version=\u00a0\u00bb4.27.5&Prime; _module_preset=\u00a0\u00bbdefault\u00a0\u00bb hover_enabled=\u00a0\u00bb0&Prime; global_colors_info=\u00a0\u00bb{}\u00a0\u00bb open=\u00a0\u00bboff\u00a0\u00bb sticky_enabled=\u00a0\u00bb0&Prime;]<\/p>\n<p><span style=\"font-weight: 400;\">Oui, il est possible de s\u2019inscrire pour des modules \u00e0 <a href=\"\/alacarte\">la carte<\/a>.<\/span><\/p>\n<p>[\/et_pb_accordion_item][et_pb_accordion_item title=\u00a0\u00bbExiste-il la possibilit\u00e9 d\u2019obtenir une aide financi\u00e8re ?\u00a0\u00bb _builder_version=\u00a0\u00bb4.27.4&Prime; _module_preset=\u00a0\u00bbdefault\u00a0\u00bb global_colors_info=\u00a0\u00bb{}\u00a0\u00bb open=\u00a0\u00bboff\u00a0\u00bb]<\/p>\n<p><span style=\"font-weight: 400;\">Nous vous encourageons \u00e0 solliciter votre \u00e9glise locale \u00e0 participer financi\u00e8rement jusqu\u2019\u00e0 la moiti\u00e9 de l\u2019\u00e9colage.<\/span><\/p>\n<p>[\/et_pb_accordion_item][et_pb_accordion_item title=\u00a0\u00bbQuelles sont les conditions d\u2019admission pour les candidats ?\u00a0\u00bb _builder_version=\u00a0\u00bb4.27.4&Prime; _module_preset=\u00a0\u00bbdefault\u00a0\u00bb global_colors_info=\u00a0\u00bb{}\u00a0\u00bb open=\u00a0\u00bboff\u00a0\u00bb]<\/p>\n<p><span style=\"font-weight: 400;\">Pour vous inscire au BA aux Minist\u00e8res:<\/span><\/p>\n<ul>\n<li><span style=\"font-weight: 400;\">Vous avez une \u00e9ducation de base de douze ans (par exemple un apprentissage professionnel CFC ou une maturit\u00e9 ou \u00e9quivalent).<\/span><\/li>\n<li><span style=\"font-weight: 400;\">Vous \u00eates engag\u00e9s dans une \u00e9glise ou une organisation chr\u00e9tienne et une autorit\u00e9 spirituelle r\u00e9f\u00e9rente soutient votre d\u00e9cision d\u2019\u00e9ducation th\u00e9ologique.<\/span><\/li>\n<li><span style=\"font-weight: 400;\">Vous \u00eates d\u00e9sireux d\u2019apprendre, capable de travailler en \u00e9quipe, r\u00e9silient et disciplin\u00e9.<\/span><\/li>\n<\/ul>\n<p>[\/et_pb_accordion_item][et_pb_accordion_item title=\u00a0\u00bbEst-il possible, en tant qu\u2019\u00e9tranger, de suivre les formations \u00e0 Ad\u00e9l\u00e9a Academy ?\u00a0\u00bb _builder_version=\u00a0\u00bb4.27.5&Prime; _module_preset=\u00a0\u00bbdefault\u00a0\u00bb hover_enabled=\u00a0\u00bb0&Prime; global_colors_info=\u00a0\u00bb{}\u00a0\u00bb open=\u00a0\u00bboff\u00a0\u00bb sticky_enabled=\u00a0\u00bb0&Prime;]<\/p>\n<p><span style=\"font-weight: 400;\">Oui, pour autant que le candidat r\u00e9ponde aux exigences de la Conf\u00e9d\u00e9ration Suisse pour r\u00e9sider en Suisse.<\/span><\/p>\n<ul>\n<li style=\"font-weight: 400;\" aria-level=\"1\"><b>Pour les candidats en provenance d\u2019un pays signataire de l\u2019Accord sur la libre circulation des personnes<\/b><span style=\"font-weight: 400;\">, aucun visa n\u2019est n\u00e9cessaire. N\u00e9anmoins, pour recevoir un permis de s\u00e9jour pour la dur\u00e9e de leurs \u00e9tudes, ils devront garantir des moyens financiers suffisant afin de ne pas faire appel \u00e0 l\u2019aide sociale de l\u2019Etat d\u2019accueil, et disposer d\u2019une assurance-maladie couvrant l\u2019ensemble des risques.<\/span><\/li>\n<li style=\"font-weight: 400;\" aria-level=\"1\"><span style=\"font-weight: 400;\">Le s\u00e9jour pour \u00e9tudes est r\u00e9gl\u00e9 en application de l\u2019article 24 de l\u2019Annexe 1 de l\u2019Accord du 21 juin 1999 sur la libre circulation des personnes (<\/span><a href=\"http:\/\/www.admin.ch\/ch\/f\/rs\/c0_142_112_681.html\"><span style=\"font-weight: 400;\">ALCP<\/span><\/a><span style=\"font-weight: 400;\">).<\/span><\/li>\n<li style=\"font-weight: 400;\" aria-level=\"1\"><span style=\"font-weight: 400;\">Pays ayant sign\u00e9 l\u2019Accord sur la libre circulation des personnes:<\/span>\n<ul>\n<li style=\"font-weight: 400;\" aria-level=\"1\"><span style=\"font-weight: 400;\">AELE: Islande, Liechtenstein, Norv\u00e8ge, Suisse.<\/span><\/li>\n<li style=\"font-weight: 400;\" aria-level=\"1\"><span style=\"font-weight: 400;\">UE: Allemagne, Autriche, Belgique, Bulgarie, Chypre, Croatie, Danemark, Espagne, Estonie, Finlande, France, Gr\u00e8ce, Hongrie, Irlande, Italie, Lettonie, Lituanie, Luxembourg, Malte, Pays-Bas, Pologne, Portugal, R\u00e9publique tch\u00e8que, Roumanie, Royaume-Uni, Slovaque, Slov\u00e9nie, Su\u00e8de.<\/span><\/li>\n<\/ul>\n<\/li>\n<\/ul>\n<p>[\/et_pb_accordion_item][et_pb_accordion_item title=\u00a0\u00bbQuelles sont les conditions sp\u00e9cifiques pour les \u00e9tudiants en provenance d\u2019un Etat tiers, non-signataire de l\u2019Accord sur la libre circulation des personnes ?\u00a0\u00bb _builder_version=\u00a0\u00bb4.27.5&Prime; _module_preset=\u00a0\u00bbdefault\u00a0\u00bb hover_enabled=\u00a0\u00bb0&Prime; global_colors_info=\u00a0\u00bb{}\u00a0\u00bb open=\u00a0\u00bboff\u00a0\u00bb sticky_enabled=\u00a0\u00bb0&Prime;]<\/p>\n<p><span style=\"font-weight: 400;\">Veuillez consulter la page web suivante afin de prendre connaissance des d\u00e9marches n\u00e9cessaires pour obtenir un visa (permis de s\u00e9jour) \u00e9tudiant \u00e0 Gen\u00e8ve: <a href=\"https:\/\/www.ge.ch\/demander-permis-sejour-etudiant\">https:\/\/www.ge.ch\/demander-permis-sejour-etudiant<\/a><\/span><span style=\"font-weight: 400;\"><\/span><\/p>\n<p><span style=\"font-weight: 400;\">Nous vous recommandons vivement de prendre contact premi\u00e8rement avec la repr\u00e9sentation suisse de votre pays (ambassade, consulat), afin de vous informer des diff\u00e9rentes exigences li\u00e9es \u00e0 l\u2019obtention d\u2019un visa \u00e9tudiant.<\/span><\/p>\n<p>[\/et_pb_accordion_item][et_pb_accordion_item title=\u00a0\u00bbPuis-je loger sur le campus ?\u00a0\u00bb _builder_version=\u00a0\u00bb4.27.4&Prime; _module_preset=\u00a0\u00bbdefault\u00a0\u00bb global_colors_info=\u00a0\u00bb{}\u00a0\u00bb open=\u00a0\u00bboff\u00a0\u00bb]<\/p>\n<p><span style=\"font-weight: 400;\">Ad\u00e9l\u00e9a Academy travail en partenariat avec l&rsquo;association Lumen Home, afin de vous proposer des solutions de logement. Merci de nous contacter en cas de besoin.\u00a0<\/span><\/p>\n<p>[\/et_pb_accordion_item][et_pb_accordion_item title=\u00a0\u00bbPuis-je suivre la formation tout en travaillant \u00e0 temps partiel ?\u00a0\u00bb _builder_version=\u00a0\u00bb4.27.4&Prime; _module_preset=\u00a0\u00bbdefault\u00a0\u00bb global_colors_info=\u00a0\u00bb{}\u00a0\u00bb open=\u00a0\u00bboff\u00a0\u00bb]<\/p>\n<p><span style=\"font-weight: 400;\">Nous consid\u00e9rons qu\u2019il est difficile de cumuler la formation qui est \u00e0 temps plein avec un travail \u00e0 temps partiel.<\/span><\/p>\n<p>[\/et_pb_accordion_item][et_pb_accordion_item title=\u00a0\u00bbQu\u2019est-ce qu\u2019un cr\u00e9dit ECTS ?\u00a0\u00bb _builder_version=\u00a0\u00bb4.27.5&Prime; _module_preset=\u00a0\u00bbdefault\u00a0\u00bb hover_enabled=\u00a0\u00bb0&Prime; global_colors_info=\u00a0\u00bb{}\u00a0\u00bb open=\u00a0\u00bboff\u00a0\u00bb sticky_enabled=\u00a0\u00bb0&Prime;]<\/p>\n<p><span style=\"font-weight: 400;\">ECTS est l\u2019acronyme de \u00ab European Credit Transfert System, en fran\u00e7ais \u00ab Syst\u00e8me europ\u00e9en de transfert et d\u2019accumulation de cr\u00e9dits \u00bb. Il s\u2019agit d\u2019un syst\u00e8me de points d\u00e9velopp\u00e9 par l\u2019Union europ\u00e9enne qui a pour but de faciliter la lecture et la comparaison des programmes d\u2019\u00e9tudes des diff\u00e9rents pays europ\u00e9ens.<\/span><\/p>\n<p><span style=\"font-weight: 400;\">Un cr\u00e9dit ECTS repr\u00e9sente entre 25 heures et 30h de travail, temps d\u2019\u00e9tude compris.<\/span><\/p>\n<p>[\/et_pb_accordion_item][\/et_pb_accordion][\/et_pb_column][\/et_pb_row][\/et_pb_section]<\/p>\n","protected":false},"excerpt":{"rendered":"<p>UNE \u00c9COLE INNOVANTE ET INSPIRANTE\u00c9cole affili\u00e9e \u00e0International Seminary of Theology and Leadership de Z\u00fcrichAd\u00e9l\u00e9a veut bousculer les codes et mettre en pratique l\u2019esprit de service au sein de ses formations de leadership et de musique. L\u2019Acad\u00e9mie veut \u00e9prouver les concepts th\u00e9ologiques, mais surtout exercer et suivre\u00a0 la vision initial de former des adorateurs.Ad\u00e9l\u00e9a ayant une [&hellip;]<\/p>\n","protected":false},"author":3,"featured_media":0,"parent":0,"menu_order":0,"comment_status":"closed","ping_status":"closed","template":"","meta":{"_et_pb_use_builder":"on","_et_pb_old_content":"","_et_gb_content_width":"","footnotes":""},"class_list":["post-29247","page","type-page","status-publish","hentry"],"yoast_head":"<!-- This site is optimized with the Yoast SEO plugin v27.3 - https:\/\/yoast.com\/product\/yoast-seo-wordpress\/ -->\n<title>FAQ - Adelea Academy<\/title>\n<meta name=\"robots\" content=\"index, follow, max-snippet:-1, max-image-preview:large, max-video-preview:-1\" \/>\n<link rel=\"canonical\" href=\"https:\/\/adeleacademy.ch\/en\/29247-2\/\" \/>\n<meta property=\"og:locale\" content=\"en_GB\" \/>\n<meta property=\"og:type\" content=\"article\" \/>\n<meta property=\"og:title\" content=\"FAQ - Adelea Academy\" \/>\n<meta property=\"og:description\" content=\"UNE \u00c9COLE INNOVANTE ET INSPIRANTE\u00c9cole affili\u00e9e \u00e0International Seminary of Theology and Leadership de Z\u00fcrichAd\u00e9l\u00e9a veut bousculer les codes et mettre en pratique l\u2019esprit de service au sein de ses formations de leadership et de musique. L\u2019Acad\u00e9mie veut \u00e9prouver les concepts th\u00e9ologiques, mais surtout exercer et suivre\u00a0 la vision initial de former des adorateurs.Ad\u00e9l\u00e9a ayant une [&hellip;]\" \/>\n<meta property=\"og:url\" content=\"https:\/\/adeleacademy.ch\/en\/29247-2\/\" \/>\n<meta property=\"og:site_name\" content=\"Adelea Academy\" \/>\n<meta property=\"article:publisher\" content=\"https:\/\/www.facebook.com\/adeleaacademy\" \/>\n<meta property=\"article:modified_time\" content=\"2026-03-09T10:34:52+00:00\" \/>\n<meta name=\"twitter:card\" content=\"summary_large_image\" \/>\n<meta name=\"twitter:label1\" content=\"Estimated reading time\" \/>\n\t<meta name=\"twitter:data1\" content=\"7 minutes\" \/>\n<script type=\"application\/ld+json\" class=\"yoast-schema-graph\">{\"@context\":\"https:\\\/\\\/schema.org\",\"@graph\":[{\"@type\":\"WebPage\",\"@id\":\"https:\\\/\\\/adeleacademy.ch\\\/29247-2\\\/\",\"url\":\"https:\\\/\\\/adeleacademy.ch\\\/29247-2\\\/\",\"name\":\"FAQ - Adelea Academy\",\"isPartOf\":{\"@id\":\"https:\\\/\\\/adeleacademy.ch\\\/#website\"},\"datePublished\":\"2022-05-05T08:44:05+00:00\",\"dateModified\":\"2026-03-09T10:34:52+00:00\",\"breadcrumb\":{\"@id\":\"https:\\\/\\\/adeleacademy.ch\\\/29247-2\\\/#breadcrumb\"},\"inLanguage\":\"en-GB\",\"potentialAction\":[{\"@type\":\"ReadAction\",\"target\":[\"https:\\\/\\\/adeleacademy.ch\\\/29247-2\\\/\"]}]},{\"@type\":\"BreadcrumbList\",\"@id\":\"https:\\\/\\\/adeleacademy.ch\\\/29247-2\\\/#breadcrumb\",\"itemListElement\":[{\"@type\":\"ListItem\",\"position\":1,\"name\":\"Accueil\",\"item\":\"https:\\\/\\\/adeleacademy.ch\\\/\"},{\"@type\":\"ListItem\",\"position\":2,\"name\":\"FAQ\"}]},{\"@type\":\"WebSite\",\"@id\":\"https:\\\/\\\/adeleacademy.ch\\\/#website\",\"url\":\"https:\\\/\\\/adeleacademy.ch\\\/\",\"name\":\"Adelea Academy\",\"description\":\"UNE \u00c9COLE INNOVANTE ET INSPIRANTE\",\"publisher\":{\"@id\":\"https:\\\/\\\/adeleacademy.ch\\\/#organization\"},\"potentialAction\":[{\"@type\":\"SearchAction\",\"target\":{\"@type\":\"EntryPoint\",\"urlTemplate\":\"https:\\\/\\\/adeleacademy.ch\\\/?s={search_term_string}\"},\"query-input\":{\"@type\":\"PropertyValueSpecification\",\"valueRequired\":true,\"valueName\":\"search_term_string\"}}],\"inLanguage\":\"en-GB\"},{\"@type\":\"Organization\",\"@id\":\"https:\\\/\\\/adeleacademy.ch\\\/#organization\",\"name\":\"Ad\u00e9l\u00e9A Acad\u00e9my\",\"url\":\"https:\\\/\\\/adeleacademy.ch\\\/\",\"logo\":{\"@type\":\"ImageObject\",\"inLanguage\":\"en-GB\",\"@id\":\"https:\\\/\\\/adeleacademy.ch\\\/#\\\/schema\\\/logo\\\/image\\\/\",\"url\":\"https:\\\/\\\/adeleacademy.ch\\\/wp-content\\\/uploads\\\/2022\\\/05\\\/LOGO-PORTRAIT-2-BLEUROUGE.png\",\"contentUrl\":\"https:\\\/\\\/adeleacademy.ch\\\/wp-content\\\/uploads\\\/2022\\\/05\\\/LOGO-PORTRAIT-2-BLEUROUGE.png\",\"width\":2949,\"height\":3136,\"caption\":\"Ad\u00e9l\u00e9A Acad\u00e9my\"},\"image\":{\"@id\":\"https:\\\/\\\/adeleacademy.ch\\\/#\\\/schema\\\/logo\\\/image\\\/\"},\"sameAs\":[\"https:\\\/\\\/www.facebook.com\\\/adeleaacademy\",\"https:\\\/\\\/www.instagram.com\\\/adelea_academy\\\/\"]}]}<\/script>\n<!-- \/ Yoast SEO plugin. -->","yoast_head_json":{"title":"FAQ - Adelea Academy","robots":{"index":"index","follow":"follow","max-snippet":"max-snippet:-1","max-image-preview":"max-image-preview:large","max-video-preview":"max-video-preview:-1"},"canonical":"https:\/\/adeleacademy.ch\/en\/29247-2\/","og_locale":"en_GB","og_type":"article","og_title":"FAQ - Adelea Academy","og_description":"UNE \u00c9COLE INNOVANTE ET INSPIRANTE\u00c9cole affili\u00e9e \u00e0International Seminary of Theology and Leadership de Z\u00fcrichAd\u00e9l\u00e9a veut bousculer les codes et mettre en pratique l\u2019esprit de service au sein de ses formations de leadership et de musique. L\u2019Acad\u00e9mie veut \u00e9prouver les concepts th\u00e9ologiques, mais surtout exercer et suivre\u00a0 la vision initial de former des adorateurs.Ad\u00e9l\u00e9a ayant une [&hellip;]","og_url":"https:\/\/adeleacademy.ch\/en\/29247-2\/","og_site_name":"Adelea Academy","article_publisher":"https:\/\/www.facebook.com\/adeleaacademy","article_modified_time":"2026-03-09T10:34:52+00:00","twitter_card":"summary_large_image","twitter_misc":{"Estimated reading time":"7 minutes"},"schema":{"@context":"https:\/\/schema.org","@graph":[{"@type":"WebPage","@id":"https:\/\/adeleacademy.ch\/29247-2\/","url":"https:\/\/adeleacademy.ch\/29247-2\/","name":"FAQ - Adelea Academy","isPartOf":{"@id":"https:\/\/adeleacademy.ch\/#website"},"datePublished":"2022-05-05T08:44:05+00:00","dateModified":"2026-03-09T10:34:52+00:00","breadcrumb":{"@id":"https:\/\/adeleacademy.ch\/29247-2\/#breadcrumb"},"inLanguage":"en-GB","potentialAction":[{"@type":"ReadAction","target":["https:\/\/adeleacademy.ch\/29247-2\/"]}]},{"@type":"BreadcrumbList","@id":"https:\/\/adeleacademy.ch\/29247-2\/#breadcrumb","itemListElement":[{"@type":"ListItem","position":1,"name":"Accueil","item":"https:\/\/adeleacademy.ch\/"},{"@type":"ListItem","position":2,"name":"FAQ"}]},{"@type":"WebSite","@id":"https:\/\/adeleacademy.ch\/#website","url":"https:\/\/adeleacademy.ch\/","name":"Adelea Academy","description":"UNE \u00c9COLE INNOVANTE ET INSPIRANTE","publisher":{"@id":"https:\/\/adeleacademy.ch\/#organization"},"potentialAction":[{"@type":"SearchAction","target":{"@type":"EntryPoint","urlTemplate":"https:\/\/adeleacademy.ch\/?s={search_term_string}"},"query-input":{"@type":"PropertyValueSpecification","valueRequired":true,"valueName":"search_term_string"}}],"inLanguage":"en-GB"},{"@type":"Organization","@id":"https:\/\/adeleacademy.ch\/#organization","name":"Ad\u00e9l\u00e9A Acad\u00e9my","url":"https:\/\/adeleacademy.ch\/","logo":{"@type":"ImageObject","inLanguage":"en-GB","@id":"https:\/\/adeleacademy.ch\/#\/schema\/logo\/image\/","url":"https:\/\/adeleacademy.ch\/wp-content\/uploads\/2022\/05\/LOGO-PORTRAIT-2-BLEUROUGE.png","contentUrl":"https:\/\/adeleacademy.ch\/wp-content\/uploads\/2022\/05\/LOGO-PORTRAIT-2-BLEUROUGE.png","width":2949,"height":3136,"caption":"Ad\u00e9l\u00e9A Acad\u00e9my"},"image":{"@id":"https:\/\/adeleacademy.ch\/#\/schema\/logo\/image\/"},"sameAs":["https:\/\/www.facebook.com\/adeleaacademy","https:\/\/www.instagram.com\/adelea_academy\/"]}]}},"_links":{"self":[{"href":"https:\/\/adeleacademy.ch\/en\/wp-json\/wp\/v2\/pages\/29247","targetHints":{"allow":["GET"]}}],"collection":[{"href":"https:\/\/adeleacademy.ch\/en\/wp-json\/wp\/v2\/pages"}],"about":[{"href":"https:\/\/adeleacademy.ch\/en\/wp-json\/wp\/v2\/types\/page"}],"author":[{"embeddable":true,"href":"https:\/\/adeleacademy.ch\/en\/wp-json\/wp\/v2\/users\/3"}],"replies":[{"embeddable":true,"href":"https:\/\/adeleacademy.ch\/en\/wp-json\/wp\/v2\/comments?post=29247"}],"version-history":[{"count":16,"href":"https:\/\/adeleacademy.ch\/en\/wp-json\/wp\/v2\/pages\/29247\/revisions"}],"predecessor-version":[{"id":31952,"href":"https:\/\/adeleacademy.ch\/en\/wp-json\/wp\/v2\/pages\/29247\/revisions\/31952"}],"wp:attachment":[{"href":"https:\/\/adeleacademy.ch\/en\/wp-json\/wp\/v2\/media?parent=29247"}],"curies":[{"name":"wp","href":"https:\/\/api.w.org\/{rel}","templated":true}]}}